{"id":6679,"date":"2025-02-05T14:32:49","date_gmt":"2025-02-05T14:32:49","guid":{"rendered":"https:\/\/wic.edu.es\/?page_id=6679"},"modified":"2025-02-05T14:34:28","modified_gmt":"2025-02-05T14:34:28","slug":"wic-solidario","status":"publish","type":"page","link":"https:\/\/wic.edu.es\/en\/wic-solidario\/","title":{"rendered":"WIC Solidario"},"content":{"rendered":"<p>En WIC estamos muy comprometidos con la sociedad y por ello hemos querido aportar de nuevo nuestro granito de arena, esta vez, con los afectados de la DANA.<\/p>\n<p>Despu\u00e9s de todos estos meses, hay colegios que todav\u00eda no tienen el mobiliario suficiente para poder abrir sus aulas y hemos contactado con uno de ellos.<\/p>\n<p>Con la ayuda de \u00cd\u00f1igo, padre del colegio, hemos colaborado con el colegio CEIP Pare Manj\u00f3n, en la pedan\u00eda de La Torre y hemos llevado mesas y sillas para la etapa de infantil.<\/p>\n","protected":false},"excerpt":{"rendered":"<p>En WIC estamos muy comprometidos con la sociedad y por [&hellip;]<\/p>\n","protected":false},"author":5,"featured_media":6673,"parent":0,"menu_order":0,"comment_status":"closed","ping_status":"closed","template":"","meta":{"_joinchat":[],"footnotes":""},"class_list":["post-6679","page","type-page","status-publish","has-post-thumbnail","hentry"],"yoast_head":"<!-- This site is optimized with the Yoast SEO plugin v27.1.1 - https:\/\/yoast.com\/product\/yoast-seo-wordpress\/ -->\n<title>WIC Solidario - Willoughby College<\/title>\n<meta name=\"robots\" content=\"index, follow, max-snippet:-1, max-image-preview:large, max-video-preview:-1\" \/>\n<link rel=\"canonical\" href=\"https:\/\/wic.edu.es\/wic-solidario\/\" \/>\n<meta property=\"og:locale\" content=\"en_US\" \/>\n<meta property=\"og:type\" content=\"article\" \/>\n<meta property=\"og:title\" content=\"WIC Solidario - Willoughby College\" \/>\n<meta property=\"og:description\" content=\"En WIC estamos muy comprometidos con la sociedad y por [&hellip;]\" \/>\n<meta property=\"og:url\" content=\"https:\/\/wic.edu.es\/wic-solidario\/\" \/>\n<meta property=\"og:site_name\" content=\"Willoughby College\" \/>\n<meta property=\"article:modified_time\" content=\"2025-02-05T14:34:28+00:00\" \/>\n<meta property=\"og:image\" content=\"https:\/\/wic.edu.es\/wp-content\/uploads\/2025\/02\/IMG_6071-scaled.jpg\" \/>\n\t<meta property=\"og:image:width\" content=\"2560\" \/>\n\t<meta property=\"og:image:height\" content=\"1920\" \/>\n\t<meta property=\"og:image:type\" content=\"image\/jpeg\" \/>\n<meta name=\"twitter:card\" content=\"summary_large_image\" \/>\n<script type=\"application\/ld+json\" class=\"yoast-schema-graph\">{\"@context\":\"https:\/\/schema.org\",\"@graph\":[{\"@type\":\"WebPage\",\"@id\":\"https:\/\/wic.edu.es\/wic-solidario\/\",\"url\":\"https:\/\/wic.edu.es\/wic-solidario\/\",\"name\":\"WIC Solidario - Willoughby College\",\"isPartOf\":{\"@id\":\"https:\/\/wic.edu.es\/#website\"},\"primaryImageOfPage\":{\"@id\":\"https:\/\/wic.edu.es\/wic-solidario\/#primaryimage\"},\"image\":{\"@id\":\"https:\/\/wic.edu.es\/wic-solidario\/#primaryimage\"},\"thumbnailUrl\":\"https:\/\/wic.edu.es\/wp-content\/uploads\/2025\/02\/IMG_6071-scaled.jpg\",\"datePublished\":\"2025-02-05T14:32:49+00:00\",\"dateModified\":\"2025-02-05T14:34:28+00:00\",\"breadcrumb\":{\"@id\":\"https:\/\/wic.edu.es\/wic-solidario\/#breadcrumb\"},\"inLanguage\":\"en-US\",\"potentialAction\":[{\"@type\":\"ReadAction\",\"target\":[\"https:\/\/wic.edu.es\/wic-solidario\/\"]}]},{\"@type\":\"ImageObject\",\"inLanguage\":\"en-US\",\"@id\":\"https:\/\/wic.edu.es\/wic-solidario\/#primaryimage\",\"url\":\"https:\/\/wic.edu.es\/wp-content\/uploads\/2025\/02\/IMG_6071-scaled.jpg\",\"contentUrl\":\"https:\/\/wic.edu.es\/wp-content\/uploads\/2025\/02\/IMG_6071-scaled.jpg\",\"width\":2560,\"height\":1920},{\"@type\":\"BreadcrumbList\",\"@id\":\"https:\/\/wic.edu.es\/wic-solidario\/#breadcrumb\",\"itemListElement\":[{\"@type\":\"ListItem\",\"position\":1,\"name\":\"Portada\",\"item\":\"https:\/\/wic.edu.es\/en\/\"},{\"@type\":\"ListItem\",\"position\":2,\"name\":\"WIC Solidario\"}]},{\"@type\":\"WebSite\",\"@id\":\"https:\/\/wic.edu.es\/#website\",\"url\":\"https:\/\/wic.edu.es\/\",\"name\":\"Willoughby College\",\"description\":\"Colegio Privado Biling\u00fce en Madrid\",\"publisher\":{\"@id\":\"https:\/\/wic.edu.es\/#organization\"},\"potentialAction\":[{\"@type\":\"SearchAction\",\"target\":{\"@type\":\"EntryPoint\",\"urlTemplate\":\"https:\/\/wic.edu.es\/?s={search_term_string}\"},\"query-input\":{\"@type\":\"PropertyValueSpecification\",\"valueRequired\":true,\"valueName\":\"search_term_string\"}}],\"inLanguage\":\"en-US\"},{\"@type\":\"Organization\",\"@id\":\"https:\/\/wic.edu.es\/#organization\",\"name\":\"Colegio Biling\u00fce Madrid WIC\",\"url\":\"https:\/\/wic.edu.es\/\",\"logo\":{\"@type\":\"ImageObject\",\"inLanguage\":\"en-US\",\"@id\":\"https:\/\/wic.edu.es\/#\/schema\/logo\/image\/\",\"url\":\"http:\/\/wic.edu.es\/wp-content\/uploads\/2018\/07\/Logos_Willoughby_v3_x2-03.png\",\"contentUrl\":\"http:\/\/wic.edu.es\/wp-content\/uploads\/2018\/07\/Logos_Willoughby_v3_x2-03.png\",\"width\":410,\"height\":188,\"caption\":\"Colegio Biling\u00fce Madrid WIC\"},\"image\":{\"@id\":\"https:\/\/wic.edu.es\/#\/schema\/logo\/image\/\"}}]}<\/script>\n<!-- \/ Yoast SEO plugin. -->","yoast_head_json":{"title":"WIC Solidario - Willoughby College","robots":{"index":"index","follow":"follow","max-snippet":"max-snippet:-1","max-image-preview":"max-image-preview:large","max-video-preview":"max-video-preview:-1"},"canonical":"https:\/\/wic.edu.es\/wic-solidario\/","og_locale":"en_US","og_type":"article","og_title":"WIC Solidario - Willoughby College","og_description":"En WIC estamos muy comprometidos con la sociedad y por [&hellip;]","og_url":"https:\/\/wic.edu.es\/wic-solidario\/","og_site_name":"Willoughby College","article_modified_time":"2025-02-05T14:34:28+00:00","og_image":[{"width":2560,"height":1920,"url":"https:\/\/wic.edu.es\/wp-content\/uploads\/2025\/02\/IMG_6071-scaled.jpg","type":"image\/jpeg"}],"twitter_card":"summary_large_image","schema":{"@context":"https:\/\/schema.org","@graph":[{"@type":"WebPage","@id":"https:\/\/wic.edu.es\/wic-solidario\/","url":"https:\/\/wic.edu.es\/wic-solidario\/","name":"WIC Solidario - Willoughby College","isPartOf":{"@id":"https:\/\/wic.edu.es\/#website"},"primaryImageOfPage":{"@id":"https:\/\/wic.edu.es\/wic-solidario\/#primaryimage"},"image":{"@id":"https:\/\/wic.edu.es\/wic-solidario\/#primaryimage"},"thumbnailUrl":"https:\/\/wic.edu.es\/wp-content\/uploads\/2025\/02\/IMG_6071-scaled.jpg","datePublished":"2025-02-05T14:32:49+00:00","dateModified":"2025-02-05T14:34:28+00:00","breadcrumb":{"@id":"https:\/\/wic.edu.es\/wic-solidario\/#breadcrumb"},"inLanguage":"en-US","potentialAction":[{"@type":"ReadAction","target":["https:\/\/wic.edu.es\/wic-solidario\/"]}]},{"@type":"ImageObject","inLanguage":"en-US","@id":"https:\/\/wic.edu.es\/wic-solidario\/#primaryimage","url":"https:\/\/wic.edu.es\/wp-content\/uploads\/2025\/02\/IMG_6071-scaled.jpg","contentUrl":"https:\/\/wic.edu.es\/wp-content\/uploads\/2025\/02\/IMG_6071-scaled.jpg","width":2560,"height":1920},{"@type":"BreadcrumbList","@id":"https:\/\/wic.edu.es\/wic-solidario\/#breadcrumb","itemListElement":[{"@type":"ListItem","position":1,"name":"Portada","item":"https:\/\/wic.edu.es\/en\/"},{"@type":"ListItem","position":2,"name":"WIC Solidario"}]},{"@type":"WebSite","@id":"https:\/\/wic.edu.es\/#website","url":"https:\/\/wic.edu.es\/","name":"Willoughby College","description":"Colegio Privado Biling\u00fce en Madrid","publisher":{"@id":"https:\/\/wic.edu.es\/#organization"},"potentialAction":[{"@type":"SearchAction","target":{"@type":"EntryPoint","urlTemplate":"https:\/\/wic.edu.es\/?s={search_term_string}"},"query-input":{"@type":"PropertyValueSpecification","valueRequired":true,"valueName":"search_term_string"}}],"inLanguage":"en-US"},{"@type":"Organization","@id":"https:\/\/wic.edu.es\/#organization","name":"Colegio Biling\u00fce Madrid WIC","url":"https:\/\/wic.edu.es\/","logo":{"@type":"ImageObject","inLanguage":"en-US","@id":"https:\/\/wic.edu.es\/#\/schema\/logo\/image\/","url":"http:\/\/wic.edu.es\/wp-content\/uploads\/2018\/07\/Logos_Willoughby_v3_x2-03.png","contentUrl":"http:\/\/wic.edu.es\/wp-content\/uploads\/2018\/07\/Logos_Willoughby_v3_x2-03.png","width":410,"height":188,"caption":"Colegio Biling\u00fce Madrid WIC"},"image":{"@id":"https:\/\/wic.edu.es\/#\/schema\/logo\/image\/"}}]}},"_links":{"self":[{"href":"https:\/\/wic.edu.es\/en\/wp-json\/wp\/v2\/pages\/6679","targetHints":{"allow":["GET"]}}],"collection":[{"href":"https:\/\/wic.edu.es\/en\/wp-json\/wp\/v2\/pages"}],"about":[{"href":"https:\/\/wic.edu.es\/en\/wp-json\/wp\/v2\/types\/page"}],"author":[{"embeddable":true,"href":"https:\/\/wic.edu.es\/en\/wp-json\/wp\/v2\/users\/5"}],"replies":[{"embeddable":true,"href":"https:\/\/wic.edu.es\/en\/wp-json\/wp\/v2\/comments?post=6679"}],"version-history":[{"count":1,"href":"https:\/\/wic.edu.es\/en\/wp-json\/wp\/v2\/pages\/6679\/revisions"}],"predecessor-version":[{"id":6680,"href":"https:\/\/wic.edu.es\/en\/wp-json\/wp\/v2\/pages\/6679\/revisions\/6680"}],"wp:featuredmedia":[{"embeddable":true,"href":"https:\/\/wic.edu.es\/en\/wp-json\/wp\/v2\/media\/6673"}],"wp:attachment":[{"href":"https:\/\/wic.edu.es\/en\/wp-json\/wp\/v2\/media?parent=6679"}],"curies":[{"name":"wp","href":"https:\/\/api.w.org\/{rel}","templated":true}]}}