{"id":279,"date":"2018-09-20T10:40:05","date_gmt":"2018-09-20T10:40:05","guid":{"rendered":"http:\/\/www.wic.edu.es\/?page_id=279"},"modified":"2018-09-20T10:40:05","modified_gmt":"2018-09-20T10:40:05","slug":"mas-informacion-acerca-de-las-cookies","status":"publish","type":"page","link":"https:\/\/wic.edu.es\/en\/mas-informacion-acerca-de-las-cookies\/","title":{"rendered":"M\u00e1s informaci\u00f3n acerca de las Cookies"},"content":{"rendered":"<div class=\"fusion-fullwidth fullwidth-box fusion-builder-row-1 nonhundred-percent-fullwidth non-hundred-percent-height-scrolling\" style=\"--awb-border-radius-top-left:0px;--awb-border-radius-top-right:0px;--awb-border-radius-bottom-right:0px;--awb-border-radius-bottom-left:0px;--awb-flex-wrap:wrap;\" ><div class=\"fusion-builder-row fusion-row\"><div class=\"fusion-layout-column fusion_builder_column fusion-builder-column-0 fusion_builder_column_1_6 1_6 fusion-one-sixth fusion-column-first\" style=\"--awb-padding-top:;--awb-padding-right:;--awb-padding-bottom:;--awb-padding-left:;--awb-bg-size:cover;width:16.666666666667%;width:calc(16.666666666667% - ( ( 4% + 4% ) * 0.16666666666667 ) );margin-right: 4%;\"><div class=\"fusion-column-wrapper fusion-flex-column-wrapper-legacy\"><div class=\"fusion-clearfix\"><\/div><\/div><\/div><div class=\"fusion-layout-column fusion_builder_column fusion-builder-column-1 fusion_builder_column_2_3 2_3 fusion-two-third\" style=\"--awb-padding-top:;--awb-padding-right:;--awb-padding-bottom:;--awb-padding-left:;--awb-bg-size:cover;width:66.666666666667%;width:calc(66.666666666667% - ( ( 4% + 4% ) * 0.66666666666667 ) );margin-right: 4%;\"><div class=\"fusion-column-wrapper fusion-flex-column-wrapper-legacy\"><div class=\"fusion-text fusion-text-1\"><h5 class=\"p1\"><b>M\u00e1s informaci\u00f3n sobre las cookies<\/b><\/h5>\n<h5 class=\"p1\"><b>\u00bfQu\u00e9 es una cookie?<\/b><\/h5>\n<p class=\"p1\"><i>Una cookie es un fichero de texto\u00a0<\/i><b>inofensivo\u00a0<\/b><i>que se almacena en su navegador cuando visita casi cualquier p\u00e1gina web. La utilidad de la cookiees que la web sea capaz de recordar su visita cuando vuelva a navegar por esa p\u00e1gina. Aunque mucha gente no lo sabe las cookies se llevan utilizando desde hace 20 a\u00f1os, cuando aparecieron los primeros navegadores para la World Wide Web.<\/i><\/p>\n<h5 class=\"p1\"><b>\u00bfQu\u00e9 NO ES una cookie?<\/b><\/h5>\n<p class=\"p1\"><i>No es un virus, ni un troyano, ni un gusano, ni spam, ni spyware, ni abre ventanas pop-up.<\/i><\/p>\n<h5 class=\"p1\"><b>\u00bfQu\u00e9 informaci\u00f3n almacena una cookie?<\/b><\/h5>\n<p class=\"p1\"><i>Las cookies no suelen almacenar informaci\u00f3n sensible sobre usted, como tarjetas de cr\u00e9dito o datos bancarios, fotograf\u00edas, su DNI o informaci\u00f3n personal, etc. Los datos que guardan son de car\u00e1cter t\u00e9cnico, preferencias personales, personalizaci\u00f3n de contenidos, etc.<\/i><\/p>\n<p class=\"p1\"><i>El servidor web no le asocia a usted como persona si no a su navegador web. De hecho, si usted navega habitualmente con Internet Explorer y prueba a navegar por la misma web con Firefox o Chrome ver\u00e1 que la web no se da cuenta que es usted la misma persona porque en realidad est\u00e1 asociando al navegador, no a la persona.<\/i><\/p>\n<h5 class=\"p1\"><b>\u00bfQu\u00e9 tipo de cookies existen?<\/b><\/h5>\n<ul>\n<li class=\"p3\"><i>Cookies t\u00e9cnicas: Son las m\u00e1s elementales y permiten, entre otras cosas, saber cu\u00e1ndo est\u00e1 navegando un humano o una aplicaci\u00f3n automatizada, cu\u00e1ndo navega un usuario an\u00f3nimo y uno registrado, tareas b\u00e1sicas para el funcionamiento de cualquier web din\u00e1mica.<\/i><\/li>\n<li class=\"p3\"><i>Cookies de an\u00e1lisis: Recogen informaci\u00f3n sobre el tipo de navegaci\u00f3n que est\u00e1 realizando, las secciones que m\u00e1s utiliza, productos consultados, franja horaria de uso, idioma, etc.<\/i><\/li>\n<li class=\"p1\">\u00a0<i>Cookies publicitarias: Muestran publicidad en funci\u00f3n de su navegaci\u00f3n, su pa\u00eds de procedencia, idioma, etc.<\/i><\/li>\n<\/ul>\n<h5 class=\"p1\"><b>\u00bfQu\u00e9 son las cookies propias y las de terceros?<\/b><\/h5>\n<p class=\"p1\"><i>Las cookies propias son las generadas por la p\u00e1gina que est\u00e1 visitando y las de terceros son las generadas por servicios o proveedores externos como Facebook, Twitter, Google, etc.<\/i><\/p>\n<h5 class=\"p1\"><b>\u00bfQu\u00e9 ocurre si desactivo las cookies?<\/b><\/h5>\n<p class=\"p1\"><i>Para que entienda el alcance que puede tener desactivar las cookies le mostramos unos ejemplos:<\/i><\/p>\n<ul class=\"ul1\">\n<li class=\"li4\"><i>No podr\u00e1 compartir contenidos de esa web en Facebook, Twitter o cualquier otra red social.<\/i><\/li>\n<li class=\"li4\"><i>El sitio web no podr\u00e1 adaptar los contenidos a sus preferencias personales, como suele ocurrir en las tiendas online.<\/i><\/li>\n<li class=\"li4\"><i>No podr\u00e1 acceder al \u00e1rea personal de esa web, como por ejemplo Mi cuenta, o Mi perfil o Mis pedidos.<\/i><\/li>\n<li class=\"li4\"><i>Tiendas online: Le ser\u00e1 imposible realizar compras online, tendr\u00e1n que ser telef\u00f3nicas o visitando la tienda f\u00edsica si es que dispone de ella.<\/i><\/li>\n<li class=\"li4\"><i>No ser\u00e1 posible personalizar sus preferencias geogr\u00e1ficas como franja horaria, divisa o idioma.<\/i><\/li>\n<li class=\"li4\"><i>El sitio web no podr\u00e1 realizar anal\u00edticas web sobre visitantes y tr\u00e1fico en la web, lo que dificultar\u00e1 que la web sea competitiva.<\/i><\/li>\n<li class=\"li4\"><i>No podr\u00e1 escribir en el blog, no podr\u00e1 subir fotos, publicar comentarios, valorar o puntuar contenidos. La web tampoco podr\u00e1 saber si usted es un humano o una aplicaci\u00f3n automatizada que publica spam.<\/i><\/li>\n<li class=\"li1\"><i>No se podr\u00e1 mostrar publicidad sectorizada, lo que reducir\u00e1 los ingresos publicitarios de la web.<\/i><\/li>\n<\/ul>\n<ul class=\"ul1\">\n<li class=\"li1\"><i>Todas las redes sociales usan cookies, si las desactiva no podr\u00e1 utilizar ninguna red social.<\/i><\/li>\n<\/ul>\n<h5 class=\"p1\"><b>\u00bfSe pueden eliminar las cookies?<\/b><\/h5>\n<p class=\"p1\"><i>S\u00ed. No s\u00f3lo eliminar, tambi\u00e9n bloquear, de forma general o particular para un dominio espec\u00edfico.<\/i><\/p>\n<p class=\"p1\"><i>Para eliminar las cookies de un sitio web debe ir a la configuraci\u00f3n de su navegador y all\u00ed podr\u00e1 buscar las asociadas al dominio en cuesti\u00f3n y proceder a su eliminaci\u00f3n.<\/i><\/p>\n<h5 class=\"p1\"><b>Configuraci\u00f3n de cookies para los navegadores m\u00e1s populares<\/b><\/h5>\n<p class=\"p1\"><i>A continuaci\u00f3n le indicamos c\u00f3mo acceder a una cookie determinada del navegador\u00a0<\/i><b>Chrome<\/b><i>. Nota: estos pasos pueden variar en funci\u00f3n de la versi\u00f3n del navegador:<\/i><\/p>\n<p class=\"p4\"><i>1. Vaya a Configuraci\u00f3n o Preferencias mediante el men\u00fa Archivo o bien pinchando el icono de personalizaci\u00f3n que aparece arriba a la derecha.<\/i><\/p>\n<p class=\"p4\"><i>2. Ver\u00e1 diferentes secciones, pinche la opci\u00f3n Mostrar opciones avanzadas.<\/i><\/p>\n<p class=\"p4\"><i>3. Vaya a Privacidad, Configuraci\u00f3n de contenido.<\/i><\/p>\n<p class=\"p4\"><i>4. Seleccione Todas las cookies y los datos de sitios.<\/i><\/p>\n<p class=\"p4\"><i>5. Aparecer\u00e1 un listado con todas las cookies ordenadas por dominio. Para que le sea m\u00e1s f\u00e1cil encontrar las cookies de un determinado dominio introduzca parcial o totalmente la direcci\u00f3n en el campo Buscar cookies.<\/i><\/p>\n<p class=\"p1\"><i>6. Tras realizar este filtro aparecer\u00e1n en pantalla una o varias l\u00edneas con las cookies de la web solicitada. Ahora s\u00f3lo tiene que seleccionarla y pulsar la X para proceder a su eliminaci\u00f3n.<\/i><\/p>\n<p class=\"p1\"><i>Para acceder a la configuraci\u00f3n de cookies del navegador\u00a0<\/i><b>Internet Explorer\u00a0<\/b><i>siga estos pasos (pueden variar en funci\u00f3n de la versi\u00f3n del navegador):<\/i><\/p>\n<p class=\"p3\"><i>1. Vaya a Herramientas, Opciones de Internet<\/i><\/p>\n<p class=\"p3\"><i>2. Haga click en Privacidad.<\/i><\/p>\n<p class=\"p1\"><i>3. Mueva el deslizador hasta ajustar el nivel de privacidad que desee.<\/i><\/p>\n<p class=\"p1\"><i>Para acceder a la configuraci\u00f3n de cookies del navegador\u00a0<\/i><b>Firefox\u00a0<\/b><i>siga estos pasos (pueden variar en funci\u00f3n de la versi\u00f3n del navegador):<\/i><\/p>\n<p class=\"p4\"><i>1. Vaya a Opciones o Preferencias seg\u00fan su sistema operativo.<\/i><\/p>\n<p class=\"p4\"><i>2. Haga click en Privacidad.<\/i><\/p>\n<p class=\"p1\"><i>3. En Historial elija Usar una configuraci\u00f3n personalizada para el historial.<\/i><\/p>\n<p class=\"p1\"><i>4. Ahora ver\u00e1 la opci\u00f3n Aceptar cookies, puede activarla o desactivarla seg\u00fan sus preferencias.<\/i><\/p>\n<p class=\"p1\"><i>Para acceder a la configuraci\u00f3n de cookies del navegador\u00a0<\/i><b>Safari para OSX\u00a0<\/b><i>siga estos pasos (pueden variar en funci\u00f3n de la versi\u00f3n del navegador):<\/i><\/p>\n<p class=\"p4\"><i>1. Vaya a Preferencias, luego Privacidad.<\/i><\/p>\n<p class=\"p1\"><i>2. En este lugar ver\u00e1 la opci\u00f3n Bloquear cookies para que ajuste el tipo de bloqueo que desea realizar.<\/i><\/p>\n<p class=\"p1\"><i>Para acceder a la configuraci\u00f3n de cookies del navegador\u00a0<\/i><b>Safari para iOS\u00a0<\/b><i>siga estos pasos (pueden variar en funci\u00f3n de la versi\u00f3n del navegador):<\/i><\/p>\n<p class=\"p4\"><i>1. Vaya a Ajustes, luego Safari.<\/i><\/p>\n<p class=\"p1\"><i>2. Vaya a Privacidad y Seguridad, ver\u00e1 la opci\u00f3n Bloquear cookies para que ajuste el tipo de bloqueo que desea realizar.<\/i><\/p>\n<p class=\"p1\"><i>Para acceder a la configuraci\u00f3n de cookies del navegador para dispositivos\u00a0<\/i><b>Android\u00a0<\/b><i>siga estos pasos (pueden variar en funci\u00f3n de la versi\u00f3n del navegador):<\/i><\/p>\n<p class=\"p4\"><i>1. Ejecute el navegador y pulse la tecla Men\u00fa, luego Ajustes.<\/i><\/p>\n<p class=\"p1\"><i>2. Vaya a Seguridad y Privacidad, ver\u00e1 la opci\u00f3n Aceptar cookies para que active o desactive la casilla.<\/i><\/p>\n<p class=\"p1\"><i>Para acceder a la configuraci\u00f3n de cookies del navegador para dispositivos\u00a0<\/i><b>Windows Phone\u00a0<\/b><i>siga estos pasos (pueden variar en funci\u00f3n de la versi\u00f3n del navegador):<\/i><\/p>\n<p class=\"p4\"><i>1. Abra Internet Explorer, luego M\u00e1s, luego Configuraci\u00f3n<\/i><\/p>\n<p class=\"p1\"><i>2. Ahora puede activar o desactivar la casilla Permitir cookies.<\/i><\/p>\n<\/div><div class=\"fusion-clearfix\"><\/div><\/div><\/div><div class=\"fusion-layout-column fusion_builder_column fusion-builder-column-2 fusion_builder_column_1_6 1_6 fusion-one-sixth fusion-column-last\" style=\"--awb-padding-top:;--awb-padding-right:;--awb-padding-bottom:;--awb-padding-left:;--awb-bg-size:cover;width:16.666666666667%;width:calc(16.666666666667% - ( ( 4% + 4% ) * 0.16666666666667 ) );\"><div class=\"fusion-column-wrapper fusion-flex-column-wrapper-legacy\"><div class=\"fusion-clearfix\"><\/div><\/div><\/div><\/div><\/div>\n","protected":false},"excerpt":{"rendered":"","protected":false},"author":1,"featured_media":0,"parent":0,"menu_order":0,"comment_status":"closed","ping_status":"closed","template":"","meta":{"_joinchat":[],"footnotes":""},"class_list":["post-279","page","type-page","status-publish","hentry"],"yoast_head":"<!-- This site is optimized with the Yoast SEO plugin v27.1.1 - https:\/\/yoast.com\/product\/yoast-seo-wordpress\/ -->\n<title>M\u00e1s informaci\u00f3n acerca de las Cookies - Willoughby College<\/title>\n<meta name=\"robots\" content=\"index, follow, max-snippet:-1, max-image-preview:large, max-video-preview:-1\" \/>\n<link rel=\"canonical\" href=\"https:\/\/wic.edu.es\/mas-informacion-acerca-de-las-cookies\/\" \/>\n<meta property=\"og:locale\" content=\"en_US\" \/>\n<meta property=\"og:type\" content=\"article\" \/>\n<meta property=\"og:title\" content=\"M\u00e1s informaci\u00f3n acerca de las Cookies - Willoughby College\" \/>\n<meta property=\"og:url\" content=\"https:\/\/wic.edu.es\/mas-informacion-acerca-de-las-cookies\/\" \/>\n<meta property=\"og:site_name\" content=\"Willoughby College\" \/>\n<meta name=\"twitter:card\" content=\"summary_large_image\" \/>\n<meta name=\"twitter:label1\" content=\"Est. reading time\" \/>\n\t<meta name=\"twitter:data1\" content=\"7 minutes\" \/>\n<script type=\"application\/ld+json\" class=\"yoast-schema-graph\">{\"@context\":\"https:\/\/schema.org\",\"@graph\":[{\"@type\":\"WebPage\",\"@id\":\"https:\/\/wic.edu.es\/mas-informacion-acerca-de-las-cookies\/\",\"url\":\"https:\/\/wic.edu.es\/mas-informacion-acerca-de-las-cookies\/\",\"name\":\"M\u00e1s informaci\u00f3n acerca de las Cookies - Willoughby College\",\"isPartOf\":{\"@id\":\"https:\/\/wic.edu.es\/#website\"},\"datePublished\":\"2018-09-20T10:40:05+00:00\",\"breadcrumb\":{\"@id\":\"https:\/\/wic.edu.es\/mas-informacion-acerca-de-las-cookies\/#breadcrumb\"},\"inLanguage\":\"en-US\",\"potentialAction\":[{\"@type\":\"ReadAction\",\"target\":[\"https:\/\/wic.edu.es\/mas-informacion-acerca-de-las-cookies\/\"]}]},{\"@type\":\"BreadcrumbList\",\"@id\":\"https:\/\/wic.edu.es\/mas-informacion-acerca-de-las-cookies\/#breadcrumb\",\"itemListElement\":[{\"@type\":\"ListItem\",\"position\":1,\"name\":\"Portada\",\"item\":\"https:\/\/wic.edu.es\/en\/\"},{\"@type\":\"ListItem\",\"position\":2,\"name\":\"M\u00e1s informaci\u00f3n acerca de las Cookies\"}]},{\"@type\":\"WebSite\",\"@id\":\"https:\/\/wic.edu.es\/#website\",\"url\":\"https:\/\/wic.edu.es\/\",\"name\":\"Willoughby College\",\"description\":\"Colegio Privado Biling\u00fce en Madrid\",\"publisher\":{\"@id\":\"https:\/\/wic.edu.es\/#organization\"},\"potentialAction\":[{\"@type\":\"SearchAction\",\"target\":{\"@type\":\"EntryPoint\",\"urlTemplate\":\"https:\/\/wic.edu.es\/?s={search_term_string}\"},\"query-input\":{\"@type\":\"PropertyValueSpecification\",\"valueRequired\":true,\"valueName\":\"search_term_string\"}}],\"inLanguage\":\"en-US\"},{\"@type\":\"Organization\",\"@id\":\"https:\/\/wic.edu.es\/#organization\",\"name\":\"Colegio Biling\u00fce Madrid WIC\",\"url\":\"https:\/\/wic.edu.es\/\",\"logo\":{\"@type\":\"ImageObject\",\"inLanguage\":\"en-US\",\"@id\":\"https:\/\/wic.edu.es\/#\/schema\/logo\/image\/\",\"url\":\"http:\/\/wic.edu.es\/wp-content\/uploads\/2018\/07\/Logos_Willoughby_v3_x2-03.png\",\"contentUrl\":\"http:\/\/wic.edu.es\/wp-content\/uploads\/2018\/07\/Logos_Willoughby_v3_x2-03.png\",\"width\":410,\"height\":188,\"caption\":\"Colegio Biling\u00fce Madrid WIC\"},\"image\":{\"@id\":\"https:\/\/wic.edu.es\/#\/schema\/logo\/image\/\"}}]}<\/script>\n<!-- \/ Yoast SEO plugin. -->","yoast_head_json":{"title":"M\u00e1s informaci\u00f3n acerca de las Cookies - Willoughby College","robots":{"index":"index","follow":"follow","max-snippet":"max-snippet:-1","max-image-preview":"max-image-preview:large","max-video-preview":"max-video-preview:-1"},"canonical":"https:\/\/wic.edu.es\/mas-informacion-acerca-de-las-cookies\/","og_locale":"en_US","og_type":"article","og_title":"M\u00e1s informaci\u00f3n acerca de las Cookies - Willoughby College","og_url":"https:\/\/wic.edu.es\/mas-informacion-acerca-de-las-cookies\/","og_site_name":"Willoughby College","twitter_card":"summary_large_image","twitter_misc":{"Est. reading time":"7 minutes"},"schema":{"@context":"https:\/\/schema.org","@graph":[{"@type":"WebPage","@id":"https:\/\/wic.edu.es\/mas-informacion-acerca-de-las-cookies\/","url":"https:\/\/wic.edu.es\/mas-informacion-acerca-de-las-cookies\/","name":"M\u00e1s informaci\u00f3n acerca de las Cookies - Willoughby College","isPartOf":{"@id":"https:\/\/wic.edu.es\/#website"},"datePublished":"2018-09-20T10:40:05+00:00","breadcrumb":{"@id":"https:\/\/wic.edu.es\/mas-informacion-acerca-de-las-cookies\/#breadcrumb"},"inLanguage":"en-US","potentialAction":[{"@type":"ReadAction","target":["https:\/\/wic.edu.es\/mas-informacion-acerca-de-las-cookies\/"]}]},{"@type":"BreadcrumbList","@id":"https:\/\/wic.edu.es\/mas-informacion-acerca-de-las-cookies\/#breadcrumb","itemListElement":[{"@type":"ListItem","position":1,"name":"Portada","item":"https:\/\/wic.edu.es\/en\/"},{"@type":"ListItem","position":2,"name":"M\u00e1s informaci\u00f3n acerca de las Cookies"}]},{"@type":"WebSite","@id":"https:\/\/wic.edu.es\/#website","url":"https:\/\/wic.edu.es\/","name":"Willoughby College","description":"Colegio Privado Biling\u00fce en Madrid","publisher":{"@id":"https:\/\/wic.edu.es\/#organization"},"potentialAction":[{"@type":"SearchAction","target":{"@type":"EntryPoint","urlTemplate":"https:\/\/wic.edu.es\/?s={search_term_string}"},"query-input":{"@type":"PropertyValueSpecification","valueRequired":true,"valueName":"search_term_string"}}],"inLanguage":"en-US"},{"@type":"Organization","@id":"https:\/\/wic.edu.es\/#organization","name":"Colegio Biling\u00fce Madrid WIC","url":"https:\/\/wic.edu.es\/","logo":{"@type":"ImageObject","inLanguage":"en-US","@id":"https:\/\/wic.edu.es\/#\/schema\/logo\/image\/","url":"http:\/\/wic.edu.es\/wp-content\/uploads\/2018\/07\/Logos_Willoughby_v3_x2-03.png","contentUrl":"http:\/\/wic.edu.es\/wp-content\/uploads\/2018\/07\/Logos_Willoughby_v3_x2-03.png","width":410,"height":188,"caption":"Colegio Biling\u00fce Madrid WIC"},"image":{"@id":"https:\/\/wic.edu.es\/#\/schema\/logo\/image\/"}}]}},"_links":{"self":[{"href":"https:\/\/wic.edu.es\/en\/wp-json\/wp\/v2\/pages\/279","targetHints":{"allow":["GET"]}}],"collection":[{"href":"https:\/\/wic.edu.es\/en\/wp-json\/wp\/v2\/pages"}],"about":[{"href":"https:\/\/wic.edu.es\/en\/wp-json\/wp\/v2\/types\/page"}],"author":[{"embeddable":true,"href":"https:\/\/wic.edu.es\/en\/wp-json\/wp\/v2\/users\/1"}],"replies":[{"embeddable":true,"href":"https:\/\/wic.edu.es\/en\/wp-json\/wp\/v2\/comments?post=279"}],"version-history":[{"count":1,"href":"https:\/\/wic.edu.es\/en\/wp-json\/wp\/v2\/pages\/279\/revisions"}],"predecessor-version":[{"id":280,"href":"https:\/\/wic.edu.es\/en\/wp-json\/wp\/v2\/pages\/279\/revisions\/280"}],"wp:attachment":[{"href":"https:\/\/wic.edu.es\/en\/wp-json\/wp\/v2\/media?parent=279"}],"curies":[{"name":"wp","href":"https:\/\/api.w.org\/{rel}","templated":true}]}}