{"id":271,"date":"2018-09-19T15:42:09","date_gmt":"2018-09-19T15:42:09","guid":{"rendered":"http:\/\/www.wic.edu.es\/?page_id=271"},"modified":"2018-10-19T15:16:26","modified_gmt":"2018-10-19T15:16:26","slug":"politica-de-cookies","status":"publish","type":"page","link":"https:\/\/wic.edu.es\/en\/politica-de-cookies\/","title":{"rendered":"Pol\u00edtica de Cookies"},"content":{"rendered":"<div class=\"fusion-fullwidth fullwidth-box fusion-builder-row-1 nonhundred-percent-fullwidth non-hundred-percent-height-scrolling\" style=\"--awb-border-radius-top-left:0px;--awb-border-radius-top-right:0px;--awb-border-radius-bottom-right:0px;--awb-border-radius-bottom-left:0px;--awb-flex-wrap:wrap;\" ><div class=\"fusion-builder-row fusion-row\"><div class=\"fusion-layout-column fusion_builder_column fusion-builder-column-0 fusion_builder_column_1_6 1_6 fusion-one-sixth fusion-column-first\" style=\"--awb-bg-size:cover;width:16.666666666667%;width:calc(16.666666666667% - ( ( 4% + 4% ) * 0.16666666666667 ) );margin-right: 4%;\"><div class=\"fusion-column-wrapper fusion-flex-column-wrapper-legacy\"><div class=\"fusion-clearfix\"><\/div><\/div><\/div><div class=\"fusion-layout-column fusion_builder_column fusion-builder-column-1 fusion_builder_column_2_3 2_3 fusion-two-third\" style=\"--awb-bg-size:cover;width:66.666666666667%;width:calc(66.666666666667% - ( ( 4% + 4% ) * 0.66666666666667 ) );margin-right: 4%;\"><div class=\"fusion-column-wrapper fusion-flex-column-wrapper-legacy\"><div class=\"fusion-text fusion-text-1\"><ol>\n<li><strong> \u00bfQU\u00c9 ES UNA COOKIE?<\/strong><\/li>\n<\/ol>\n<p>Una cookie es un archivo o dispositivo que se descarga en el ordenador, tableta o m\u00f3vil cuando el usuario navega en Internet, con la finalidad de almacenar datos que podr\u00e1n ser actualizados y recuperados por la entidad responsable de su instalaci\u00f3n.<\/p>\n<p>La primera finalidad de las Cookies es la de facilitar al Usuario un acceso m\u00e1s r\u00e1pido a los Servicios seleccionados. Adem\u00e1s, las Cookies personalizan los servicios que ofrece la Web, facilitando y ofreciendo a cada Usuario informaci\u00f3n que es de su inter\u00e9s o que puede ser de su inter\u00e9s, en atenci\u00f3n al uso que realiza de los servicios.<\/p>\n<p>La Web utiliza Cookies para personalizar y facilitar al m\u00e1ximo la navegaci\u00f3n del Usuario. Las Cookies se asocian \u00fanicamente a un Usuario an\u00f3nimo y su ordenador y no proporcionan referencias que permitan deducir datos personales del Usuario. El Usuario podr\u00e1 configurar su navegador para que notifique y rechace la instalaci\u00f3n de las Cookies enviadas por la Web, sin que ello perjudique la posibilidad del Usuario de acceder a los Contenidos. Sin embargo debe tener en cuenta, en todo caso, que la calidad de funcionamiento de la p\u00e1gina Web puede disminuir.<\/p>\n<ol start=\"2\">\n<li><strong> NUESTRA POL\u00cdTICA SOBRE COOKIES<\/strong><\/li>\n<\/ol>\n<p>Para utilizar este sitio web al completo el usuario deber\u00e1 aceptar las cookies ya que muchas funcionalidades online han sido dise\u00f1adas espec\u00edficamente para funcionar por medio del uso de cookies. Es importante se\u00f1alar que las cookies que se han instalado por medio de este sitio web no guardan informaci\u00f3n de car\u00e1cter personal suya o datos sensibles.<strong>\u00a0<\/strong><\/p>\n<p><strong>A continuaci\u00f3n, se realiza una clasificaci\u00f3n de las cookies en funci\u00f3n de una serie de categor\u00edas<\/strong>. No obstante es necesario tener en cuenta que una misma cookie puede estar incluida en m\u00e1s de una categor\u00eda.<\/p>\n<ol>\n<li><strong>TIPOS DE COOKIES SEG\u00daN LA ENTIDAD QUE LAS GESTIONE<\/strong><\/li>\n<\/ol>\n<p>Seg\u00fan quien sea la entidad que gestione el equipo o dominio desde donde se env\u00edan las cookies y trate los datos que se obtengan, podemos distinguir:<\/p>\n<ul>\n<li><strong>Cookies propias: <\/strong>Son aqu\u00e9llas que se env\u00edan al equipo terminal del usuario Desde un equipo o dominio gestionado por el propio editor y desde el que se presta el servicio solicitado por el usuario.<\/li>\n<li><strong>Cookies de tercero:<\/strong> Son aqu\u00e9llas que se env\u00edan al equipo terminal del usuario desde un equipo o dominio que no es gestionado por el editor, sino por otra entidad que trata los datos obtenidos trav\u00e9s de las cookies.<\/li>\n<\/ul>\n<p>En el caso de que las cookies sean instaladas desde un equipo o dominio gestionado por el propio editor pero la informaci\u00f3n que se recoja mediante \u00e9stas sea gestionada por un tercero, no pueden ser consideradas como cookies propias.<\/p>\n<ol>\n<li><strong>TIPOS DE COOKIES SEG\u00daN EL PLAZO DE TIEMPO QUE PERMANECEN ACTIVADAS <\/strong><\/li>\n<\/ol>\n<p>Seg\u00fan el plazo de tiempo que permanecen activadas en el equipo terminal podemos distinguir:<\/p>\n<ul>\n<li><strong>Cookies de sesi\u00f3n:<\/strong> Son un tipo de cookies dise\u00f1adas para recabar y almacenar datos mientras el usuario accede a una p\u00e1gina web.<\/li>\n<\/ul>\n<p>Se suelen emplear para almacenar informaci\u00f3n que solo interesa conservar para la prestaci\u00f3n del servicio solicitado por el usuario en una sola ocasi\u00f3n (p.e. una lista de productos adquiridos).<\/p>\n<ul>\n<li><strong>Cookies persistentes:<\/strong> Son un tipo de cookies en el que los datos siguen almacenados en el terminal y pueden ser accedidos y tratados durante un periodo definido por el responsable de la cookie, y que puede ir de unos minutos a varios a\u00f1os.<\/li>\n<\/ul>\n<ol>\n<li><strong>TIPOS DE COOKIES SEG\u00daN SU FINALIDAD <\/strong><\/li>\n<\/ol>\n<p>Seg\u00fan la finalidad para la que se traten los datos obtenidos a trav\u00e9s de las cookies, podemos distinguir entre:<\/p>\n<ul>\n<li><strong>Cookies t\u00e9cnicas:<\/strong> Son aqu\u00e9llas que permiten al usuario la navegaci\u00f3n a trav\u00e9s de una p\u00e1gina web, plataforma o aplicaci\u00f3n y la utilizaci\u00f3n de las diferentes opciones o servicios que en ella existan como, por ejemplo, controlar el tr\u00e1fico y la comunicaci\u00f3n de datos, identificar la sesi\u00f3n, acceder a partes de acceso restringido, recordar los elementos que integran un pedido, realizar el proceso de compra de un pedido, realizar la solicitud de inscripci\u00f3n o participaci\u00f3n en un evento, utilizar elementos de seguridad durante la navegaci\u00f3n, almacenar contenidos para la difusi\u00f3n de videos o sonido o compartir contenidos a trav\u00e9s de redes sociales.<\/li>\n<li><strong>Cookies de personalizaci\u00f3n:<\/strong> Son aqu\u00e9llas que permiten al usuario acceder al servicio con algunas caracter\u00edsticas de car\u00e1cter general predefinidas en funci\u00f3n de una serie de criterios en el terminal del usuario como por ejemplo serian el idioma, el tipo de navegador a trav\u00e9s del cual accede al servicio, la configuraci\u00f3n regional desde donde accede al servicio, etc.<\/li>\n<li><strong>Cookies de an\u00e1lisis: <\/strong>Son aqu\u00e9llas que permiten al responsable de las mismas, el seguimiento y an\u00e1lisis del comportamiento de los usuarios de los sitios web a los que est\u00e1n vinculadas. La informaci\u00f3n recogida mediante este tipo de cookies se utiliza en la medici\u00f3n de la actividad de los sitios web, aplicaci\u00f3n o plataforma y para la elaboraci\u00f3n de perfiles de navegaci\u00f3n de los usuarios de dichos sitios, aplicaciones y plataformas, con el fin de introducir mejoras en funci\u00f3n del an\u00e1lisis de los datos de uso que hacen los usuarios del servicio.<\/li>\n<li><strong>Cookies publicitarias:<\/strong> Son aqu\u00e9llas que permiten la gesti\u00f3n, de la forma m\u00e1s eficaz posible, de los espacios publicitarios que, en su caso, el editor haya incluido en una p\u00e1gina web, aplicaci\u00f3n o plataforma desde la que presta el servicio solicitado en base a criterios como el contenido editado o la frecuencia en la que se muestran los anuncios.<\/li>\n<li><strong>Cookies de publicidad comportamental:<\/strong> Son aqu\u00e9llas que permiten la gesti\u00f3n, de la forma m\u00e1s eficaz posible, de los espacios publicitarios que, en su caso, el editor haya incluido en una p\u00e1gina web, aplicaci\u00f3n o plataforma desde la que presta el servicio solicitado. Estas cookies almacenan informaci\u00f3n del comportamiento de los usuarios obtenida a trav\u00e9s de la observaci\u00f3n continuada de sus h\u00e1bitos de navegaci\u00f3n, lo que permite desarrollar un perfil espec\u00edfico para mostrar publicidad en funci\u00f3n del mismo.<\/li>\n<\/ul>\n<p><strong>RELACI\u00d3N DE COOKIES EMPLEADAS POR LA ENTIDAD<\/strong><\/p>\n<div class=\"table-1\">\n<table width=\"525\">\n<tbody>\n<tr>\n<td width=\"57\"><strong>Dominio<\/strong><\/td>\n<td width=\"57\"><strong>Nombre<\/strong><\/td>\n<td width=\"66\"><strong>Expira<\/strong><\/td>\n<td width=\"196\"><strong>Finalidad<\/strong><\/td>\n<td width=\"149\"><strong>M\u00e1s informaci\u00f3n<\/strong><\/td>\n<td width=\"0\"><\/td>\n<\/tr>\n<tr>\n<td rowspan=\"2\" width=\"57\">.google.com .gstatic.com<\/td>\n<td rowspan=\"2\" width=\"57\">NID<\/td>\n<td rowspan=\"2\" width=\"66\">6 meses<\/td>\n<td rowspan=\"2\" width=\"196\">Cookie utilizada por Google para coordinar sus distintos servicios. La cookie NID contiene un ID \u00fanico que Google utiliza para recordar tus preferencias y otra informaci\u00f3n, como tu idioma preferido (por ejemplo, el espa\u00f1ol), el n\u00famero de resultados de b\u00fasqueda que quieres que se muestren por p\u00e1gina (por ejemplo, 10 o 20) y si quieres que el filtro SafeSearch de Google est\u00e9 activado o desactivado.<\/td>\n<td rowspan=\"2\" width=\"149\"><u><a href=\"https:\/\/policies.google.com\/technologies\/types?hl=es\">https:\/\/policies.google.com\/technologies\/types?hl=es<\/a><\/u><\/td>\n<td width=\"0\"><\/td>\n<\/tr>\n<tr>\n<td width=\"0\"><\/td>\n<\/tr>\n<tr>\n<td rowspan=\"2\" width=\"57\">.google.com<\/td>\n<td rowspan=\"2\" width=\"57\">1P_JAR<\/td>\n<td rowspan=\"2\" width=\"66\">1 mes<\/td>\n<td rowspan=\"2\" width=\"196\">Cookie utilizada por Google para su servicio de Maps. Esta cookie la utiliza para recordar preferencias de visualizaci\u00f3n del mapa de cara a estad\u00edsticas y publicidad de Google<\/td>\n<td rowspan=\"2\" width=\"149\"><u><a href=\"https:\/\/policies.google.com\/technologies\/types?hl=es\">https:\/\/policies.google.com\/technologies\/types?hl=es<\/a><\/u><\/td>\n<td width=\"0\"><\/td>\n<\/tr>\n<tr>\n<td width=\"0\"><\/td>\n<\/tr>\n<tr>\n<td rowspan=\"5\" width=\"57\">gtag.js y analytics.js<\/td>\n<td width=\"57\">_ga<\/td>\n<td width=\"66\">2 a\u00f1os<\/td>\n<td width=\"196\">Se usa para distinguir a los usuarios.<\/td>\n<td rowspan=\"5\" width=\"149\"><u><a href=\"https:\/\/support.google.com\/adwords\/answer\/7521212?hl=es-419\">https:\/\/support.google.com\/adwords\/answer\/7521212?hl=es-419<\/a><\/u><\/td>\n<td width=\"0\"><\/td>\n<\/tr>\n<tr>\n<td width=\"57\">_gid<\/td>\n<td width=\"66\">24\u00a0horas<\/td>\n<td width=\"196\">Se usa para distinguir a los usuarios.<\/td>\n<td width=\"0\"><\/td>\n<\/tr>\n<tr>\n<td width=\"57\">_gat<\/td>\n<td width=\"66\">1\u00a0minuto<\/td>\n<td width=\"196\">Se usa para limitar el porcentaje de solicitudes. Si has implementado Google Analytics mediante Google\u00a0Tag\u00a0Manager, esta cookie se llamar\u00e1\u00a0_dc_gtm_.<\/td>\n<td width=\"0\"><\/td>\n<\/tr>\n<tr>\n<td width=\"57\">AMP_TOKEN<\/td>\n<td width=\"66\">30\u00a0segundos a 1\u00a0a\u00f1o<\/td>\n<td width=\"196\">Incluye un token que se puede utilizar para recuperar un ID de cliente del servicio de ID de cliente de AMP. Otros posibles valores indican inhabilitaciones, solicitudes en curso o errores obtenidos al recuperar un ID del servicio de ID de cliente de AMP.<\/td>\n<td width=\"0\"><\/td>\n<\/tr>\n<tr>\n<td width=\"57\">_gac_<\/td>\n<td width=\"66\">90\u00a0d\u00edas<\/td>\n<td width=\"196\">Incluye informaci\u00f3n de la campa\u00f1a relativa al usuario. Si has vinculado tus cuentas de Google Analytics y AdWords, las etiquetas de conversi\u00f3n de sitios web leer\u00e1n esta cookie, a menos que la inhabilites.\u00a0M\u00e1s informaci\u00f3n<\/td>\n<td width=\"0\"><\/td>\n<\/tr>\n<tr>\n<td rowspan=\"6\" width=\"57\">ga.js<\/td>\n<td width=\"57\">__utma<\/td>\n<td width=\"66\">Dos a\u00f1os a partir de la configuraci\u00f3n o actualizaci\u00f3n<\/td>\n<td width=\"196\">Se usa para distinguir usuarios y sesiones. La cookie se crea cuando se ejecuta la biblioteca JavaScript y no hay ninguna cookie __utma. La cookie se actualiza cada vez que se env\u00edan datos a Google Analytics.<\/td>\n<td rowspan=\"6\" width=\"149\"><u>https:\/\/developers.google.com\/analytics\/devguides\/collection\/gajs\/?hl=es-419<\/u><\/td>\n<td width=\"0\"><\/td>\n<\/tr>\n<tr>\n<td width=\"57\">__utmt<\/td>\n<td width=\"66\">10 minutos<\/td>\n<td width=\"196\">Se usa para limitar el porcentaje de solicitudes.<\/td>\n<td width=\"0\"><\/td>\n<\/tr>\n<tr>\n<td width=\"57\">__utmb<\/td>\n<td width=\"66\">30 minutos a partir de la configuraci\u00f3n o actualizaci\u00f3n<\/td>\n<td width=\"196\">Se usa para determinar nuevas sesiones o visitas. La cookie se crea cuando se ejecuta la biblioteca JavaScript y no hay ninguna cookie __utmb. La cookie se actualiza cada vez que se env\u00edan datos a Google Analytics.<\/td>\n<td width=\"0\"><\/td>\n<\/tr>\n<tr>\n<td width=\"57\">__utmc<\/td>\n<td width=\"66\">Fin de la sesi\u00f3n del navegador<\/td>\n<td width=\"196\">No se usa en ga.js. Se configura para interactuar con urchin.js. Anteriormente, esta cookie actuaba junto con la cookie __utmb para determinar si el usuario estaba en una nueva sesi\u00f3n o visita.<\/td>\n<td width=\"0\"><\/td>\n<\/tr>\n<tr>\n<td width=\"57\">__utmz<\/td>\n<td width=\"66\">Seis meses a partir de la configuraci\u00f3n o actualizaci\u00f3n<\/td>\n<td width=\"196\">Almacena la fuente de tr\u00e1fico o la campa\u00f1a que explica c\u00f3mo ha llegado el usuario al sitio. La cookie se crea cuando se ejecuta la biblioteca JavaScript y se actualiza cada vez que se env\u00edan datos a Google Analytics.<\/td>\n<td width=\"0\"><\/td>\n<\/tr>\n<tr>\n<td width=\"57\">__utmv<\/td>\n<td width=\"66\">Dos a\u00f1os a partir de la configuraci\u00f3n o actualizaci\u00f3n<\/td>\n<td width=\"196\">Se usa para almacenar datos de variables personalizadas de visitante. Esta cookie se crea cuando un programador usa el m\u00e9todo _setCustomVar con una variable personalizada de visitante. Tambi\u00e9n se usaba para el m\u00e9todo _setVar retirado. La cookie se actualiza cada vez que se env\u00edan datos a Google Analytics.<\/td>\n<td width=\"0\"><\/td>\n<\/tr>\n<\/tbody>\n<\/table>\n<\/div>\n<p><strong>\u00a0<\/strong><\/p>\n<ol start=\"3\">\n<li><strong> ACEPTACI\u00d3N EXPRESA<\/strong><\/li>\n<\/ol>\n<p>El Usuario acepta expresamente, mediante la navegaci\u00f3n a trav\u00e9s de las diversas secciones de este sitio web, el tratamiento de la informaci\u00f3n recabada en la forma y con los fines anteriormente mencionados. Y asimismo manifiesta conocer la posibilidad de rechazar el tratamiento de tales datos o informaci\u00f3n rechazando el uso de Cookies mediante la selecci\u00f3n de la configuraci\u00f3n apropiada a tal fin en su navegador. Si bien esta opci\u00f3n de bloqueo de Cookies en su navegador puede no permitirle el uso pleno de todas las funcionalidades de nuestro sitio web.<\/p>\n<p><strong>\u00a0<\/strong><\/p>\n<ol start=\"4\">\n<li><strong> GESTI\u00d3N DE COOKIES<\/strong><\/li>\n<\/ol>\n<p><strong>\u00bfQu\u00e9 ocurre si no se permite la instalaci\u00f3n de cookies o si se deshabilitan?<\/strong><\/p>\n<p>Su experiencia en el sitio web podr\u00e1 ser limitada y algunas funcionalidades de los Servicios quedar\u00e1n deshabilitados como, por ejemplo, permanecer\u00a0 identificado.<\/p>\n<p><strong>\u00a0<\/strong><\/p>\n<p><strong>\u00bfC\u00f3mo desactivar\/activar las cookies?<\/strong><\/p>\n<p>Para desactivar\/activar cookies del dispositivo, el usuario tendr\u00e1 que hacerlo a trav\u00e9s del navegador de Internet.<\/p>\n<p>Todos los navegadores modernos permiten cambiar la configuraci\u00f3n de Cookies. Estos ajustes normalmente se encuentran en las \u2018opciones\u2019 o \u2018Preferencias\u2019 del men\u00fa de su navegador.<\/p>\n<p>Usted puede habilitar, desactivar, bloquear o eliminar dichas cookies, en cualquier momento, utilizando las herramientas de su navegador web:<\/p>\n<ul>\n<li>Para Internet Explorer, por favor consulte el siguiente enlace <a href=\"https:\/\/support.microsoft.com\/es-es\/products\/internet-explorer\">https:\/\/support.microsoft.com\/es-es\/products\/internet-explorer<\/a><\/li>\n<li>\u00a0Para Mozilla Firefox, por favor consulte el siguiente enlace <a href=\"https:\/\/support.mozilla.org\/en-US\/kb\/cookies-information-websites-store-on-your-computer?redirectlocale=en-US&amp;redirectslug=Cookies\">https:\/\/support.mozilla.org\/en-US\/kb\/cookies-information-websites-store-on-your-computer?redirectlocale=en-US&amp;redirectslug=Cookies<\/a><\/li>\n<li>Para Google Chrome, por favor consulte el siguiente enlace https:\/\/support.google.com\/chrome\/answer\/95647?hl=es<\/li>\n<\/ul>\n<p><strong>\u00bfC\u00f3mo desactivar\/activar las cookies de terceros?<\/strong><\/p>\n<p>Las cookies de terceros no las instalamos nosotros. Por lo tanto sugerimos que el usuario consulte los sitios web de esos terceros para obtener informaci\u00f3n sobre las cookies que instalan y c\u00f3mo se pueden gestionar.<\/p>\n<ol start=\"5\">\n<li><strong> ACTUALIZACIONES Y CAMBIOS EN LA POL\u00cdTICA DE PRIVACIDAD \/ COOKIES <\/strong><\/li>\n<\/ol>\n<p>La Web puede modificar esta Pol\u00edtica de Cookies en funci\u00f3n de exigencias legislativas, reglamentarias, o con la finalidad de adaptar dicha pol\u00edtica a las instrucciones dictadas por la Agencia Espa\u00f1ola de Protecci\u00f3n de Datos, por ello se aconseja a los Usuarios que la visiten peri\u00f3dicamente.<\/p>\n<p>Cuando se produzcan cambios significativos en esta Pol\u00edtica de Cookies, se comunicar\u00e1n a los Usuarios bien mediante la web o a trav\u00e9s de correo electr\u00f3nico.<\/p>\n<\/div><div class=\"fusion-clearfix\"><\/div><\/div><\/div><div class=\"fusion-layout-column fusion_builder_column fusion-builder-column-2 fusion_builder_column_1_6 1_6 fusion-one-sixth fusion-column-last\" style=\"--awb-bg-size:cover;width:16.666666666667%;width:calc(16.666666666667% - ( ( 4% + 4% ) * 0.16666666666667 ) );\"><div class=\"fusion-column-wrapper fusion-flex-column-wrapper-legacy\"><div class=\"fusion-clearfix\"><\/div><\/div><\/div><\/div><\/div>\n","protected":false},"excerpt":{"rendered":"","protected":false},"author":1,"featured_media":0,"parent":0,"menu_order":0,"comment_status":"closed","ping_status":"closed","template":"","meta":{"_joinchat":[],"footnotes":""},"class_list":["post-271","page","type-page","status-publish","hentry"],"yoast_head":"<!-- This site is optimized with the Yoast SEO plugin v27.1.1 - https:\/\/yoast.com\/product\/yoast-seo-wordpress\/ -->\n<title>Pol\u00edtica de Cookies - Willoughby College<\/title>\n<meta name=\"robots\" content=\"index, follow, max-snippet:-1, max-image-preview:large, max-video-preview:-1\" \/>\n<link rel=\"canonical\" href=\"https:\/\/wic.edu.es\/politica-de-cookies\/\" \/>\n<meta property=\"og:locale\" content=\"en_US\" \/>\n<meta property=\"og:type\" content=\"article\" \/>\n<meta property=\"og:title\" content=\"Pol\u00edtica de Cookies - Willoughby College\" \/>\n<meta property=\"og:url\" content=\"https:\/\/wic.edu.es\/politica-de-cookies\/\" \/>\n<meta property=\"og:site_name\" content=\"Willoughby College\" \/>\n<meta property=\"article:modified_time\" content=\"2018-10-19T15:16:26+00:00\" \/>\n<meta name=\"twitter:card\" content=\"summary_large_image\" \/>\n<meta name=\"twitter:label1\" content=\"Est. reading time\" \/>\n\t<meta name=\"twitter:data1\" content=\"12 minutes\" \/>\n<script type=\"application\/ld+json\" class=\"yoast-schema-graph\">{\"@context\":\"https:\/\/schema.org\",\"@graph\":[{\"@type\":\"WebPage\",\"@id\":\"https:\/\/wic.edu.es\/politica-de-cookies\/\",\"url\":\"https:\/\/wic.edu.es\/politica-de-cookies\/\",\"name\":\"Pol\u00edtica de Cookies - Willoughby College\",\"isPartOf\":{\"@id\":\"https:\/\/wic.edu.es\/#website\"},\"datePublished\":\"2018-09-19T15:42:09+00:00\",\"dateModified\":\"2018-10-19T15:16:26+00:00\",\"breadcrumb\":{\"@id\":\"https:\/\/wic.edu.es\/politica-de-cookies\/#breadcrumb\"},\"inLanguage\":\"en-US\",\"potentialAction\":[{\"@type\":\"ReadAction\",\"target\":[\"https:\/\/wic.edu.es\/politica-de-cookies\/\"]}]},{\"@type\":\"BreadcrumbList\",\"@id\":\"https:\/\/wic.edu.es\/politica-de-cookies\/#breadcrumb\",\"itemListElement\":[{\"@type\":\"ListItem\",\"position\":1,\"name\":\"Portada\",\"item\":\"https:\/\/wic.edu.es\/en\/\"},{\"@type\":\"ListItem\",\"position\":2,\"name\":\"Pol\u00edtica de Cookies\"}]},{\"@type\":\"WebSite\",\"@id\":\"https:\/\/wic.edu.es\/#website\",\"url\":\"https:\/\/wic.edu.es\/\",\"name\":\"Willoughby College\",\"description\":\"Colegio Privado Biling\u00fce en Madrid\",\"publisher\":{\"@id\":\"https:\/\/wic.edu.es\/#organization\"},\"potentialAction\":[{\"@type\":\"SearchAction\",\"target\":{\"@type\":\"EntryPoint\",\"urlTemplate\":\"https:\/\/wic.edu.es\/?s={search_term_string}\"},\"query-input\":{\"@type\":\"PropertyValueSpecification\",\"valueRequired\":true,\"valueName\":\"search_term_string\"}}],\"inLanguage\":\"en-US\"},{\"@type\":\"Organization\",\"@id\":\"https:\/\/wic.edu.es\/#organization\",\"name\":\"Colegio Biling\u00fce Madrid WIC\",\"url\":\"https:\/\/wic.edu.es\/\",\"logo\":{\"@type\":\"ImageObject\",\"inLanguage\":\"en-US\",\"@id\":\"https:\/\/wic.edu.es\/#\/schema\/logo\/image\/\",\"url\":\"http:\/\/wic.edu.es\/wp-content\/uploads\/2018\/07\/Logos_Willoughby_v3_x2-03.png\",\"contentUrl\":\"http:\/\/wic.edu.es\/wp-content\/uploads\/2018\/07\/Logos_Willoughby_v3_x2-03.png\",\"width\":410,\"height\":188,\"caption\":\"Colegio Biling\u00fce Madrid WIC\"},\"image\":{\"@id\":\"https:\/\/wic.edu.es\/#\/schema\/logo\/image\/\"}}]}<\/script>\n<!-- \/ Yoast SEO plugin. -->","yoast_head_json":{"title":"Pol\u00edtica de Cookies - Willoughby College","robots":{"index":"index","follow":"follow","max-snippet":"max-snippet:-1","max-image-preview":"max-image-preview:large","max-video-preview":"max-video-preview:-1"},"canonical":"https:\/\/wic.edu.es\/politica-de-cookies\/","og_locale":"en_US","og_type":"article","og_title":"Pol\u00edtica de Cookies - Willoughby College","og_url":"https:\/\/wic.edu.es\/politica-de-cookies\/","og_site_name":"Willoughby College","article_modified_time":"2018-10-19T15:16:26+00:00","twitter_card":"summary_large_image","twitter_misc":{"Est. reading time":"12 minutes"},"schema":{"@context":"https:\/\/schema.org","@graph":[{"@type":"WebPage","@id":"https:\/\/wic.edu.es\/politica-de-cookies\/","url":"https:\/\/wic.edu.es\/politica-de-cookies\/","name":"Pol\u00edtica de Cookies - Willoughby College","isPartOf":{"@id":"https:\/\/wic.edu.es\/#website"},"datePublished":"2018-09-19T15:42:09+00:00","dateModified":"2018-10-19T15:16:26+00:00","breadcrumb":{"@id":"https:\/\/wic.edu.es\/politica-de-cookies\/#breadcrumb"},"inLanguage":"en-US","potentialAction":[{"@type":"ReadAction","target":["https:\/\/wic.edu.es\/politica-de-cookies\/"]}]},{"@type":"BreadcrumbList","@id":"https:\/\/wic.edu.es\/politica-de-cookies\/#breadcrumb","itemListElement":[{"@type":"ListItem","position":1,"name":"Portada","item":"https:\/\/wic.edu.es\/en\/"},{"@type":"ListItem","position":2,"name":"Pol\u00edtica de Cookies"}]},{"@type":"WebSite","@id":"https:\/\/wic.edu.es\/#website","url":"https:\/\/wic.edu.es\/","name":"Willoughby College","description":"Colegio Privado Biling\u00fce en Madrid","publisher":{"@id":"https:\/\/wic.edu.es\/#organization"},"potentialAction":[{"@type":"SearchAction","target":{"@type":"EntryPoint","urlTemplate":"https:\/\/wic.edu.es\/?s={search_term_string}"},"query-input":{"@type":"PropertyValueSpecification","valueRequired":true,"valueName":"search_term_string"}}],"inLanguage":"en-US"},{"@type":"Organization","@id":"https:\/\/wic.edu.es\/#organization","name":"Colegio Biling\u00fce Madrid WIC","url":"https:\/\/wic.edu.es\/","logo":{"@type":"ImageObject","inLanguage":"en-US","@id":"https:\/\/wic.edu.es\/#\/schema\/logo\/image\/","url":"http:\/\/wic.edu.es\/wp-content\/uploads\/2018\/07\/Logos_Willoughby_v3_x2-03.png","contentUrl":"http:\/\/wic.edu.es\/wp-content\/uploads\/2018\/07\/Logos_Willoughby_v3_x2-03.png","width":410,"height":188,"caption":"Colegio Biling\u00fce Madrid WIC"},"image":{"@id":"https:\/\/wic.edu.es\/#\/schema\/logo\/image\/"}}]}},"_links":{"self":[{"href":"https:\/\/wic.edu.es\/en\/wp-json\/wp\/v2\/pages\/271","targetHints":{"allow":["GET"]}}],"collection":[{"href":"https:\/\/wic.edu.es\/en\/wp-json\/wp\/v2\/pages"}],"about":[{"href":"https:\/\/wic.edu.es\/en\/wp-json\/wp\/v2\/types\/page"}],"author":[{"embeddable":true,"href":"https:\/\/wic.edu.es\/en\/wp-json\/wp\/v2\/users\/1"}],"replies":[{"embeddable":true,"href":"https:\/\/wic.edu.es\/en\/wp-json\/wp\/v2\/comments?post=271"}],"version-history":[{"count":7,"href":"https:\/\/wic.edu.es\/en\/wp-json\/wp\/v2\/pages\/271\/revisions"}],"predecessor-version":[{"id":426,"href":"https:\/\/wic.edu.es\/en\/wp-json\/wp\/v2\/pages\/271\/revisions\/426"}],"wp:attachment":[{"href":"https:\/\/wic.edu.es\/en\/wp-json\/wp\/v2\/media?parent=271"}],"curies":[{"name":"wp","href":"https:\/\/api.w.org\/{rel}","templated":true}]}}