{"id":267,"date":"2018-09-19T15:40:11","date_gmt":"2018-09-19T15:40:11","guid":{"rendered":"http:\/\/www.wic.edu.es\/?page_id=267"},"modified":"2021-02-16T09:50:39","modified_gmt":"2021-02-16T09:50:39","slug":"aviso-legal","status":"publish","type":"page","link":"https:\/\/wic.edu.es\/en\/aviso-legal\/","title":{"rendered":"Aviso Legal"},"content":{"rendered":"<div class=\"fusion-fullwidth fullwidth-box fusion-builder-row-1 nonhundred-percent-fullwidth non-hundred-percent-height-scrolling\" style=\"--awb-border-radius-top-left:0px;--awb-border-radius-top-right:0px;--awb-border-radius-bottom-right:0px;--awb-border-radius-bottom-left:0px;--awb-flex-wrap:wrap;\" ><div class=\"fusion-builder-row fusion-row\"><div class=\"fusion-layout-column fusion_builder_column fusion-builder-column-0 fusion_builder_column_1_6 1_6 fusion-one-sixth fusion-column-first\" style=\"--awb-bg-size:cover;width:16.666666666667%;width:calc(16.666666666667% - ( ( 4% + 4% ) * 0.16666666666667 ) );margin-right: 4%;\"><div class=\"fusion-column-wrapper fusion-flex-column-wrapper-legacy\"><div class=\"fusion-clearfix\"><\/div><\/div><\/div><div class=\"fusion-layout-column fusion_builder_column fusion-builder-column-1 fusion_builder_column_2_3 2_3 fusion-two-third\" style=\"--awb-bg-size:cover;width:66.666666666667%;width:calc(66.666666666667% - ( ( 4% + 4% ) * 0.66666666666667 ) );margin-right: 4%;\"><div class=\"fusion-column-wrapper fusion-flex-column-wrapper-legacy\"><div class=\"fusion-text fusion-text-1\"><p>En virtud de lo dispuesto en el art\u00edculo 10 de la Ley 34\/2002 de Servicios de la Sociedad de la Informaci\u00f3n (LSSICE), informamos al usuario que <strong>www.wic.edu.es<\/strong> es un dominio en Internet, que contiene un portal o p\u00e1gina web, cuya titularidad es de la entidad <strong>WILLOUGHBY COLLEGE, S.A.,<\/strong> en adelante EL COLEGIO, inscrita en el Registro Mercantil de Madrid con los siguientes datos registrales:<\/p>\n<p><strong>WILLOUGHBY COLLEGE, S.A.<\/strong><\/p>\n<p><strong>C.I.F.: A-28407518<\/strong><\/p>\n<p><strong>C\/ Macarena n\u00ba37, 28016 &#8211; Madrid<\/strong><\/p>\n<p><strong>Telf.: 91 359 92 18<\/strong><\/p>\n<p><strong>Inscrita en el Registro Mercantil de Madrid<\/strong>, <strong>al Tomo 4461, Libro 0, Folio 210, Secci\u00f3n 8\u00aa, Hoja M73909<\/strong><\/p>\n<h3><\/h3>\n<h3>CONDICIONES DE USO<\/h3>\n<p><strong>EL COLEGIO<\/strong> en su empe\u00f1o de ofrecer a sus clientes la m\u00e1xima seguridad, de cara garantizar la confidencialidad de las tecnolog\u00edas de la informaci\u00f3n y las comunicaciones ,cumple de forma exhaustiva con los requisitos establecidos en la Ley 34\/2002, de 11 de julio, de Servicios de la Sociedad de la Informaci\u00f3n y Comercio Electr\u00f3nico, en el Reglamento (UE) 2016\/679 del Parlamento Europeo y del Consejo, de 27 de abril de 2016, relativo a la protecci\u00f3n de las personas f\u00edsicas en lo que respecta al tratamiento de datos personales y a la libre circulaci\u00f3n de estos datos, y dem\u00e1s directivas europeas, y a tal fin ha creado el siguiente Aviso Legal.<\/p>\n<p><strong>\u00a0<\/strong><\/p>\n<p><strong>EL COLEGIO<\/strong> informa al usuario de que la utilizaci\u00f3n del portal, incluyendo el mero acceso, le atribuye la condici\u00f3n de Usuario. En ese sentido el Usuario se compromete a utilizar el portal de conformidad con la ley, el presente Aviso legal, reglamentos e instrucciones puestos en su conocimiento, as\u00ed como la moral, las buenas costumbres generalmente aceptadas y el orden p\u00fablico. Si el usuario no estuviera de acuerdo con cualquiera de las condiciones aqu\u00ed establecidas, no deber\u00e1 usar\/acceder a este portal.<\/p>\n<h2><strong>\u00a0<\/strong><\/h2>\n<h2><strong>Propiedad intelectual e industrial <\/strong><\/h2>\n<p>Mediante el presente Aviso Legal no se produce la cesi\u00f3n de ning\u00fan derecho de propiedad intelectual o industrial sobre el sitio web ni sobre ninguno de sus elementos integrantes.<\/p>\n<p>Todos los Contenidos de la presente web, entendiendo por estos a t\u00edtulo meramente enunciativo los textos, fotograf\u00edas, gr\u00e1ficos, im\u00e1genes, iconos, tecnolog\u00eda, software, links y dem\u00e1s contenidos audiovisuales o sonoros, as\u00ed como su dise\u00f1o gr\u00e1fico y c\u00f3digos fuente, y los derechos de propiedad intelectual que pudieran corresponder a dichos contenidos, as\u00ed como todas las marcas, nombres comerciales o cualquier otro signo distintivo, son propiedad de<strong> WILLOUGHBY COLLEGE<\/strong>,<strong> S.A., <\/strong>o de sus leg\u00edtimos propietarios, quedando reservados todos los derechos sobre los mismos y sin que puedan entenderse cedidos al Usuario ninguno de los derechos de explotaci\u00f3n sobre los mismos, m\u00e1s all\u00e1 de lo estrictamente necesario para el correcto uso del Portal; se encuentran por tanto protegidos por la normativa de Propiedad Intelectual e Industrial, en particular por el R.D.L 1\/96 que aprueba el Texto Refundido de la Ley de Propiedad Intelectual y por la Ley de Marcas.<\/p>\n<p>Queda prohibido al Usuario cualquier acto de reproducci\u00f3n, transformaci\u00f3n, distribuci\u00f3n, comunicaci\u00f3n p\u00fablica, puesta a disposici\u00f3n, extracci\u00f3n, reutilizaci\u00f3n, reenv\u00edo o la utilizaci\u00f3n de cualquier naturaleza, por cualquier medio o procedimiento, de cualquiera de los Contenidos, salvo en los casos en que est\u00e9 legalmente permitido o sea autorizado por escrito por el titular de los correspondientes derechos.<\/p>\n<p><strong>EL COLEGIO<\/strong> no ser\u00e1 responsable bajo ning\u00fan concepto, de los da\u00f1os o perjuicios que pudieran derivarse de la utilizaci\u00f3n de los Contenidos por parte de los usuarios o de la infracci\u00f3n por parte de \u00e9stos de cualquier disposici\u00f3n legal vigente.<\/p>\n<h2><strong>\u00a0<\/strong><\/h2>\n<h2><strong>Contenidos <\/strong><\/h2>\n<p>Queda reservado el derecho de <strong>EL COLEGIO<\/strong> a efectuar sin previo aviso las modificaciones que considere oportunas en el portal, pudiendo cambiar, suprimir o a\u00f1adir tanto los contenidos y servicios que presta como la forma en la que \u00e9stos aparezcan presentados o localizados.<\/p>\n<p>El Usuario del portal se compromete a hacer un uso correcto del Portal y sus Contenidos de conformidad con la Ley y el presente Aviso Legal, y a no emplearlos para incurrir en actividades il\u00edcitas o contrarias a la buena fe y al ordenamiento legal, y a no provocar da\u00f1os en los sistemas f\u00edsicos y l\u00f3gicos de <strong>EL COLEGIO<\/strong> de sus proveedores o de terceras personas.<\/p>\n<p>El Usuario responder\u00e1 frente <strong>EL COLEGIO<\/strong> a o frente a terceros, de cualesquiera da\u00f1os y perjuicios que pudieran causarse como consecuencia del incumplimiento de dicha obligaci\u00f3n.<\/p>\n<h2><strong>EXCLUSI\u00d3N DE GARANT\u00cdAS Y RESPONSABILIDAD<\/strong><\/h2>\n<p><strong>1.- CONTINUIDAD DE LOS SERVICIOS<\/strong><\/p>\n<p>El acceso al Portal requiere de servicios y suministros de terceros, incluidos el transporte a trav\u00e9s de redes de telecomunicaciones cuya fiabilidad, calidad, continuidad y funcionamiento no corresponde a <strong>EL<\/strong> <strong>COLEGIO.<\/strong><\/p>\n<p>Por ello, <strong>EL COLEGIO<\/strong> no garantiza la disponibilidad y continuidad del funcionamiento del Portal, los Servicios y\/o los Contenidos, no asumiendo ning\u00fan tipo de responsabilidad por los da\u00f1os y perjuicios de toda naturaleza que puedan deberse a la falta de dicha disponibilidad o de continuidad.<\/p>\n<p><strong>2.- SEGURIDAD DEL PORTAL<\/strong><\/p>\n<p><strong>EL COLEGIO<\/strong> adopta las medidas de seguridad razonablemente adecuadas, pero no puede garantizar la invulnerabilidad absoluta de los sistemas de seguridad del Portal y de los Servicios, ni puede garantizar la seguridad o inviolabilidad de dichos datos en su transmisi\u00f3n a trav\u00e9s de la red; el Usuario debe ser consciente de que las medidas de seguridad de los sistemas inform\u00e1ticos en Internet no son enteramente fiables.<\/p>\n<p>Se excluye, por tanto, toda responsabilidad por los da\u00f1os y perjuicios de todo tipo que pudieran deberse al conocimiento que pudieran tener terceros no autorizados de la clase, condiciones, caracter\u00edsticas y circunstancias de los usuarios del Portal, los Servicios y\/o los Contenidos.<\/p>\n<p><strong>EL COLEGIO <\/strong>no controla ni garantiza la ausencia de virus, gusanos, ni de otros elementos en los Contenidos que puedan producir alteraciones en su sistema inform\u00e1tico (hardware y software) o en los documentos electr\u00f3nicos y ficheros almacenados en su sistema inform\u00e1tico. Corresponde al Usuario, en todo caso, la disponibilidad de herramientas adecuadas para la detecci\u00f3n y desinfecci\u00f3n de programas inform\u00e1ticos da\u00f1inos.<\/p>\n<p><strong>EL COLEGIO<\/strong> excluye toda responsabilidad por los da\u00f1os y perjuicios de todo tipo que puedan deberse a la presencia de estos virus o elementos lesivos en los Contenidos.<\/p>\n<p><strong>\u00a0<\/strong><\/p>\n<p><strong>3.- EMPLEO POR EL USUARIO<\/strong><\/p>\n<p><strong>EL COLEGIO<\/strong> no posee medio alguno para controlar la utilizaci\u00f3n que los usuarios hacen del Portal, los Servicios y\/o los Contenidos, por lo que no garantiza que el uso por parte de los mismos se haga conforme a la ley y a las presentes condiciones generales. <strong>EL COLEGIO<\/strong> excluye cualquier responsabilidad por los da\u00f1os y perjuicios de todo tipo que puedan deberse a la utilizaci\u00f3n del Portal, los Servicios y los Contenidos por parte de los usuarios.<\/p>\n<h3>LEGISLACI\u00d3N APLICABLE<\/h3>\n<p>El presente Aviso Legal se rige en todos y cada uno de sus extremos por la Ley Espa\u00f1ola, renunciando expresamente las partes al fuero que les corresponda, y someti\u00e9ndose a los Juzgados y Tribunales de Madrid.<\/p>\n<\/div><div class=\"fusion-clearfix\"><\/div><\/div><\/div><div class=\"fusion-layout-column fusion_builder_column fusion-builder-column-2 fusion_builder_column_1_6 1_6 fusion-one-sixth fusion-column-last\" style=\"--awb-bg-size:cover;width:16.666666666667%;width:calc(16.666666666667% - ( ( 4% + 4% ) * 0.16666666666667 ) );\"><div class=\"fusion-column-wrapper fusion-flex-column-wrapper-legacy\"><div class=\"fusion-clearfix\"><\/div><\/div><\/div><\/div><\/div>\n","protected":false},"excerpt":{"rendered":"","protected":false},"author":1,"featured_media":0,"parent":0,"menu_order":0,"comment_status":"closed","ping_status":"closed","template":"","meta":{"_joinchat":[],"footnotes":""},"class_list":["post-267","page","type-page","status-publish","hentry"],"yoast_head":"<!-- This site is optimized with the Yoast SEO plugin v27.1.1 - https:\/\/yoast.com\/product\/yoast-seo-wordpress\/ -->\n<title>Aviso Legal - Willoughby College<\/title>\n<meta name=\"robots\" content=\"noindex, nofollow\" \/>\n<meta property=\"og:locale\" content=\"en_US\" \/>\n<meta property=\"og:type\" content=\"article\" \/>\n<meta property=\"og:title\" content=\"Aviso Legal - Willoughby College\" \/>\n<meta property=\"og:url\" content=\"https:\/\/wic.edu.es\/aviso-legal\/\" \/>\n<meta property=\"og:site_name\" content=\"Willoughby College\" \/>\n<meta property=\"article:modified_time\" content=\"2021-02-16T09:50:39+00:00\" \/>\n<meta name=\"twitter:card\" content=\"summary_large_image\" \/>\n<meta name=\"twitter:label1\" content=\"Est. reading time\" \/>\n\t<meta name=\"twitter:data1\" content=\"8 minutes\" \/>\n<script type=\"application\/ld+json\" class=\"yoast-schema-graph\">{\"@context\":\"https:\/\/schema.org\",\"@graph\":[{\"@type\":\"WebPage\",\"@id\":\"https:\/\/wic.edu.es\/aviso-legal\/\",\"url\":\"https:\/\/wic.edu.es\/aviso-legal\/\",\"name\":\"Aviso Legal - Willoughby College\",\"isPartOf\":{\"@id\":\"https:\/\/wic.edu.es\/#website\"},\"datePublished\":\"2018-09-19T15:40:11+00:00\",\"dateModified\":\"2021-02-16T09:50:39+00:00\",\"breadcrumb\":{\"@id\":\"https:\/\/wic.edu.es\/aviso-legal\/#breadcrumb\"},\"inLanguage\":\"en-US\",\"potentialAction\":[{\"@type\":\"ReadAction\",\"target\":[\"https:\/\/wic.edu.es\/aviso-legal\/\"]}]},{\"@type\":\"BreadcrumbList\",\"@id\":\"https:\/\/wic.edu.es\/aviso-legal\/#breadcrumb\",\"itemListElement\":[{\"@type\":\"ListItem\",\"position\":1,\"name\":\"Portada\",\"item\":\"https:\/\/wic.edu.es\/en\/\"},{\"@type\":\"ListItem\",\"position\":2,\"name\":\"Aviso Legal\"}]},{\"@type\":\"WebSite\",\"@id\":\"https:\/\/wic.edu.es\/#website\",\"url\":\"https:\/\/wic.edu.es\/\",\"name\":\"Willoughby College\",\"description\":\"Colegio Privado Biling\u00fce en Madrid\",\"publisher\":{\"@id\":\"https:\/\/wic.edu.es\/#organization\"},\"potentialAction\":[{\"@type\":\"SearchAction\",\"target\":{\"@type\":\"EntryPoint\",\"urlTemplate\":\"https:\/\/wic.edu.es\/?s={search_term_string}\"},\"query-input\":{\"@type\":\"PropertyValueSpecification\",\"valueRequired\":true,\"valueName\":\"search_term_string\"}}],\"inLanguage\":\"en-US\"},{\"@type\":\"Organization\",\"@id\":\"https:\/\/wic.edu.es\/#organization\",\"name\":\"Colegio Biling\u00fce Madrid WIC\",\"url\":\"https:\/\/wic.edu.es\/\",\"logo\":{\"@type\":\"ImageObject\",\"inLanguage\":\"en-US\",\"@id\":\"https:\/\/wic.edu.es\/#\/schema\/logo\/image\/\",\"url\":\"http:\/\/wic.edu.es\/wp-content\/uploads\/2018\/07\/Logos_Willoughby_v3_x2-03.png\",\"contentUrl\":\"http:\/\/wic.edu.es\/wp-content\/uploads\/2018\/07\/Logos_Willoughby_v3_x2-03.png\",\"width\":410,\"height\":188,\"caption\":\"Colegio Biling\u00fce Madrid WIC\"},\"image\":{\"@id\":\"https:\/\/wic.edu.es\/#\/schema\/logo\/image\/\"}}]}<\/script>\n<!-- \/ Yoast SEO plugin. -->","yoast_head_json":{"title":"Aviso Legal - Willoughby College","robots":{"index":"noindex","follow":"nofollow"},"og_locale":"en_US","og_type":"article","og_title":"Aviso Legal - Willoughby College","og_url":"https:\/\/wic.edu.es\/aviso-legal\/","og_site_name":"Willoughby College","article_modified_time":"2021-02-16T09:50:39+00:00","twitter_card":"summary_large_image","twitter_misc":{"Est. reading time":"8 minutes"},"schema":{"@context":"https:\/\/schema.org","@graph":[{"@type":"WebPage","@id":"https:\/\/wic.edu.es\/aviso-legal\/","url":"https:\/\/wic.edu.es\/aviso-legal\/","name":"Aviso Legal - Willoughby College","isPartOf":{"@id":"https:\/\/wic.edu.es\/#website"},"datePublished":"2018-09-19T15:40:11+00:00","dateModified":"2021-02-16T09:50:39+00:00","breadcrumb":{"@id":"https:\/\/wic.edu.es\/aviso-legal\/#breadcrumb"},"inLanguage":"en-US","potentialAction":[{"@type":"ReadAction","target":["https:\/\/wic.edu.es\/aviso-legal\/"]}]},{"@type":"BreadcrumbList","@id":"https:\/\/wic.edu.es\/aviso-legal\/#breadcrumb","itemListElement":[{"@type":"ListItem","position":1,"name":"Portada","item":"https:\/\/wic.edu.es\/en\/"},{"@type":"ListItem","position":2,"name":"Aviso Legal"}]},{"@type":"WebSite","@id":"https:\/\/wic.edu.es\/#website","url":"https:\/\/wic.edu.es\/","name":"Willoughby College","description":"Colegio Privado Biling\u00fce en Madrid","publisher":{"@id":"https:\/\/wic.edu.es\/#organization"},"potentialAction":[{"@type":"SearchAction","target":{"@type":"EntryPoint","urlTemplate":"https:\/\/wic.edu.es\/?s={search_term_string}"},"query-input":{"@type":"PropertyValueSpecification","valueRequired":true,"valueName":"search_term_string"}}],"inLanguage":"en-US"},{"@type":"Organization","@id":"https:\/\/wic.edu.es\/#organization","name":"Colegio Biling\u00fce Madrid WIC","url":"https:\/\/wic.edu.es\/","logo":{"@type":"ImageObject","inLanguage":"en-US","@id":"https:\/\/wic.edu.es\/#\/schema\/logo\/image\/","url":"http:\/\/wic.edu.es\/wp-content\/uploads\/2018\/07\/Logos_Willoughby_v3_x2-03.png","contentUrl":"http:\/\/wic.edu.es\/wp-content\/uploads\/2018\/07\/Logos_Willoughby_v3_x2-03.png","width":410,"height":188,"caption":"Colegio Biling\u00fce Madrid WIC"},"image":{"@id":"https:\/\/wic.edu.es\/#\/schema\/logo\/image\/"}}]}},"_links":{"self":[{"href":"https:\/\/wic.edu.es\/en\/wp-json\/wp\/v2\/pages\/267","targetHints":{"allow":["GET"]}}],"collection":[{"href":"https:\/\/wic.edu.es\/en\/wp-json\/wp\/v2\/pages"}],"about":[{"href":"https:\/\/wic.edu.es\/en\/wp-json\/wp\/v2\/types\/page"}],"author":[{"embeddable":true,"href":"https:\/\/wic.edu.es\/en\/wp-json\/wp\/v2\/users\/1"}],"replies":[{"embeddable":true,"href":"https:\/\/wic.edu.es\/en\/wp-json\/wp\/v2\/comments?post=267"}],"version-history":[{"count":5,"href":"https:\/\/wic.edu.es\/en\/wp-json\/wp\/v2\/pages\/267\/revisions"}],"predecessor-version":[{"id":2322,"href":"https:\/\/wic.edu.es\/en\/wp-json\/wp\/v2\/pages\/267\/revisions\/2322"}],"wp:attachment":[{"href":"https:\/\/wic.edu.es\/en\/wp-json\/wp\/v2\/media?parent=267"}],"curies":[{"name":"wp","href":"https:\/\/api.w.org\/{rel}","templated":true}]}}