{"id":1759,"date":"2018-07-17T17:46:47","date_gmt":"2018-07-17T17:46:47","guid":{"rendered":"http:\/\/www.wic.edu.es\/proyecto-educativo-colegio-bilingue\/"},"modified":"2023-02-17T08:40:37","modified_gmt":"2023-02-17T08:40:37","slug":"proyecto-educativo-colegio-bilingue","status":"publish","type":"page","link":"https:\/\/wic.edu.es\/en\/proyecto-educativo-colegio-bilingue\/","title":{"rendered":"Educational project"},"content":{"rendered":"<p><div class=\"fusion-fullwidth fullwidth-box fusion-builder-row-1 nonhundred-percent-fullwidth non-hundred-percent-height-scrolling\" style=\"--awb-border-radius-top-left:0px;--awb-border-radius-top-right:0px;--awb-border-radius-bottom-right:0px;--awb-border-radius-bottom-left:0px;--awb-flex-wrap:wrap;\" ><div class=\"fusion-builder-row fusion-row\"><div class=\"fusion-layout-column fusion_builder_column fusion-builder-column-0 fusion_builder_column_1_2 1_2 fusion-one-half fusion-column-first\" style=\"--awb-bg-size:cover;width:50%;width:calc(50% - ( ( 4% ) * 0.5 ) );margin-right: 4%;\"><div class=\"fusion-column-wrapper fusion-flex-column-wrapper-legacy\"><div class=\"fusion-image-carousel fusion-image-carousel-auto fusion-image-carousel-1\"><div class=\"awb-carousel awb-swiper awb-swiper-carousel\" data-autoplay=\"yes\" data-columns=\"1\" data-itemmargin=\"13\" data-itemwidth=\"180\" data-touchscroll=\"no\" data-imagesize=\"auto\" style=\"--awb-columns:1;\"><div class=\"swiper-wrapper awb-image-carousel-wrapper fusion-flex-align-items-center\"><div class=\"swiper-slide\"><div class=\"fusion-carousel-item-wrapper\"><div class=\"fusion-image-wrapper hover-type-zoomin\"><img decoding=\"async\" width=\"530\" height=\"370\" src=\"https:\/\/wic.edu.es\/wp-content\/uploads\/2018\/09\/libertad_5.jpg\" class=\"attachment-full size-full\" alt=\"\" srcset=\"https:\/\/wic.edu.es\/wp-content\/uploads\/2018\/09\/libertad_5-200x140.jpg 200w, https:\/\/wic.edu.es\/wp-content\/uploads\/2018\/09\/libertad_5-300x209.jpg 300w, https:\/\/wic.edu.es\/wp-content\/uploads\/2018\/09\/libertad_5-400x279.jpg 400w, https:\/\/wic.edu.es\/wp-content\/uploads\/2018\/09\/libertad_5.jpg 530w\" sizes=\"(max-width: 530px) 100vw, 530px\" \/><\/div><\/div><\/div><div class=\"swiper-slide\"><div class=\"fusion-carousel-item-wrapper\"><div class=\"fusion-image-wrapper hover-type-zoomin\"><img decoding=\"async\" src=\"http:\/\/wic.edu.es\/wp-content\/uploads\/2018\/07\/proyecto_educativo_in_1.jpg\" alt=\"\"\/><\/div><\/div><\/div><\/div><div class=\"awb-swiper-button awb-swiper-button-prev\"><i class=\"awb-icon-angle-left\" aria-hidden=\"true\"><\/i><\/div><div class=\"awb-swiper-button awb-swiper-button-next\"><i class=\"awb-icon-angle-right\" aria-hidden=\"true\"><\/i><\/div><\/div><\/div><div class=\"fusion-clearfix\"><\/div><\/div><\/div><div class=\"fusion-layout-column fusion_builder_column fusion-builder-column-1 fusion_builder_column_1_2 1_2 fusion-one-half fusion-column-last\" style=\"--awb-bg-size:cover;width:50%;width:calc(50% - ( ( 4% ) * 0.5 ) );\"><div class=\"fusion-column-wrapper fusion-flex-column-wrapper-legacy\"><div class=\"fusion-title title fusion-title-1 sep-underline sep-dotted fusion-title-text fusion-title-size-four\" style=\"--awb-margin-bottom:15px;--awb-sep-color:#999999;\"><h4 class=\"fusion-title-heading title-heading-left fusion-responsive-typography-calculated\" style=\"margin:0;--fontSize:24;line-height:1.2;\"><span style=\"color: #183255;\">EXCELLENCE IN AN AUTHENTIC BILINGUAL ATMOSPHERE<\/span><\/h4><\/div><ul style=\"--awb-size:18px;--awb-iconcolor:#183255;--awb-line-height:30.6px;--awb-icon-width:30.6px;--awb-icon-height:30.6px;--awb-icon-margin:12.6px;--awb-content-margin:43.2px;\" class=\"fusion-checklist fusion-checklist-1 fusion-checklist-default type-icons\"><li class=\"fusion-li-item\" style=\"\"><span class=\"icon-wrapper circle-no\"><i class=\"fusion-li-icon fa-angle-right fas\" aria-hidden=\"true\"><\/i><\/span><div class=\"fusion-li-item-content\">\n<p>50% of the school timetable in English, from the very first day.<\/p>\n<\/div><\/li><li class=\"fusion-li-item\" style=\"\"><span class=\"icon-wrapper circle-no\"><i class=\"fusion-li-icon fa-angle-right fas\" aria-hidden=\"true\"><\/i><\/span><div class=\"fusion-li-item-content\">\n<p>Most of the teachers are native speakers with many years of experience.<\/p>\n<\/div><\/li><li class=\"fusion-li-item\" style=\"\"><span class=\"icon-wrapper circle-no\"><i class=\"fusion-li-icon fa-angle-right fas\" aria-hidden=\"true\"><\/i><\/span><div class=\"fusion-li-item-content\">\n<p>Excellent results in the University of Cambridge English exams. From 8 years old (3\u00ba EPO) our students sit Cambridge exams, carried out at the school: Starters, Movers, Flyers, KET, PET, First Certificate, Advanced and Proficiency, obtaining excellent results and in many cases 100% passes.<\/p>\n<\/div><\/li><\/ul><div class=\"fusion-clearfix\"><\/div><\/div><\/div><div class=\"fusion-layout-column fusion_builder_column fusion-builder-column-2 fusion_builder_column_1_2 1_2 fusion-one-half fusion-column-first\" style=\"--awb-bg-size:cover;width:50%;width:calc(50% - ( ( 4% ) * 0.5 ) );margin-right: 4%;\"><div class=\"fusion-column-wrapper fusion-flex-column-wrapper-legacy\"><div class=\"fusion-title title fusion-title-2 sep-underline sep-dotted fusion-title-text fusion-title-size-four\" style=\"--awb-margin-bottom:15px;--awb-sep-color:#999999;\"><h4 class=\"fusion-title-heading title-heading-left fusion-responsive-typography-calculated\" style=\"margin:0;--fontSize:24;line-height:1.2;\"><span style=\"color: #183255;\">SPANISH CURRICULUM<\/span><\/h4><\/div><ul style=\"--awb-size:18px;--awb-iconcolor:#183255;--awb-line-height:30.6px;--awb-icon-width:30.6px;--awb-icon-height:30.6px;--awb-icon-margin:12.6px;--awb-content-margin:43.2px;\" class=\"fusion-checklist fusion-checklist-2 fusion-checklist-default type-icons\"><li class=\"fusion-li-item\" style=\"\"><span class=\"icon-wrapper circle-no\"><i class=\"fusion-li-icon fa-angle-right fas\" aria-hidden=\"true\"><\/i><\/span><div class=\"fusion-li-item-content\">\n<p>Excellent academic results in the Spanish Department across the 3 educational stages: Infants, Primary and Secondary, as shown each year with the external exams set by the Comunidad de Madrid.<\/p>\n<\/div><\/li><li class=\"fusion-li-item\" style=\"\"><span class=\"icon-wrapper circle-no\"><i class=\"fusion-li-icon fa-angle-right fas\" aria-hidden=\"true\"><\/i><\/span><div class=\"fusion-li-item-content\">\n<p>Teachers across the Spanish Department have a wealth of knowledge and teaching experience, affording our students the opportunity to continue their studies at the end of Secondary. Many of our students go on to study at some of the most most exclusive universities across Spain and abroad, thanks to their level of English, having obtained the required official Cambridge exams.<\/p>\n<\/div><\/li><li class=\"fusion-li-item\" style=\"\"><span class=\"icon-wrapper circle-no\"><i class=\"fusion-li-icon fa-angle-right fas\" aria-hidden=\"true\"><\/i><\/span><div class=\"fusion-li-item-content\">\n<p style=\"text-align: justify;\">The school has only one class per year group, with a maximum number of 25 students per class, which allows for a more personalised education and greater engagement with the teacher. The small classes also allow for a better understanding of the student.<\/p>\n<\/div><\/li><li class=\"fusion-li-item\" style=\"\"><span class=\"icon-wrapper circle-no\"><i class=\"fusion-li-icon fa-angle-right fas\" aria-hidden=\"true\"><\/i><\/span><div class=\"fusion-li-item-content\">\n<p style=\"text-align: justify;\">We are always available should parents require further information.<\/p>\n<\/div><\/li><\/ul><div class=\"fusion-clearfix\"><\/div><\/div><\/div><div class=\"fusion-layout-column fusion_builder_column fusion-builder-column-3 fusion_builder_column_1_2 1_2 fusion-one-half fusion-column-last\" style=\"--awb-bg-size:cover;width:50%;width:calc(50% - ( ( 4% ) * 0.5 ) );\"><div class=\"fusion-column-wrapper fusion-flex-column-wrapper-legacy\"><div class=\"fusion-sep-clear\"><\/div><div class=\"fusion-separator fusion-full-width-sep\" style=\"margin-left: auto;margin-right: auto;margin-top:40px;width:100%;\"><\/div><div class=\"fusion-sep-clear\"><\/div><div class=\"fusion-image-element in-legacy-container\" style=\"--awb-caption-title-font-family:var(--h2_typography-font-family);--awb-caption-title-font-weight:var(--h2_typography-font-weight);--awb-caption-title-font-style:var(--h2_typography-font-style);--awb-caption-title-size:var(--h2_typography-font-size);--awb-caption-title-transform:var(--h2_typography-text-transform);--awb-caption-title-line-height:var(--h2_typography-line-height);--awb-caption-title-letter-spacing:var(--h2_typography-letter-spacing);\"><span class=\" fusion-imageframe imageframe-none imageframe-1 hover-type-zoomin\"><img decoding=\"async\" width=\"530\" height=\"680\" title=\"proyecto_educativo_2_1\" src=\"http:\/\/wic.edu.es\/wp-content\/uploads\/2018\/07\/proyecto_educativo_2_1.jpg\" alt class=\"img-responsive wp-image-1763\" srcset=\"https:\/\/wic.edu.es\/wp-content\/uploads\/2018\/07\/proyecto_educativo_2_1-200x257.jpg 200w, https:\/\/wic.edu.es\/wp-content\/uploads\/2018\/07\/proyecto_educativo_2_1-400x513.jpg 400w, https:\/\/wic.edu.es\/wp-content\/uploads\/2018\/07\/proyecto_educativo_2_1.jpg 530w\" sizes=\"(max-width: 800px) 100vw, 530px\" \/><\/span><\/div><div class=\"fusion-clearfix\"><\/div><\/div><\/div><\/div><\/div><div class=\"fusion-fullwidth fullwidth-box fusion-builder-row-2 nonhundred-percent-fullwidth non-hundred-percent-height-scrolling\" style=\"--awb-border-radius-top-left:0px;--awb-border-radius-top-right:0px;--awb-border-radius-bottom-right:0px;--awb-border-radius-bottom-left:0px;--awb-flex-wrap:wrap;\" ><div class=\"fusion-builder-row fusion-row\"><div class=\"fusion-layout-column fusion_builder_column fusion-builder-column-4 fusion_builder_column_1_1 1_1 fusion-one-full fusion-column-first fusion-column-last\" style=\"--awb-bg-size:cover;\"><div class=\"fusion-column-wrapper fusion-flex-column-wrapper-legacy\"><div class=\"fusion-sep-clear\"><\/div><div class=\"fusion-separator fusion-full-width-sep\" style=\"margin-left: auto;margin-right: auto;margin-top:20PX;width:100%;\"><\/div><div class=\"fusion-sep-clear\"><\/div><div class=\"fusion-title title fusion-title-3 sep-underline sep-dotted fusion-title-center fusion-title-text fusion-title-size-four\" style=\"--awb-margin-bottom:15px;--awb-sep-color:#999999;\"><h4 class=\"fusion-title-heading title-heading-center fusion-responsive-typography-calculated\" style=\"margin:0;--fontSize:24;line-height:1.2;\"><span style=\"color: #183255;\">SCHOOL OBJECTIVES <\/span><\/h4><\/div><div class=\"fusion-clearfix\"><\/div><\/div><\/div><div class=\"fusion-layout-column fusion_builder_column fusion-builder-column-5 fusion_builder_column_1_4 1_4 fusion-one-fourth fusion-column-first\" style=\"--awb-bg-size:cover;width:25%;width:calc(25% - ( ( 4% + 4% ) * 0.25 ) );margin-right: 4%;\"><div class=\"fusion-column-wrapper fusion-flex-column-wrapper-legacy\"><div class=\"fusion-clearfix\"><\/div><\/div><\/div><div class=\"fusion-layout-column fusion_builder_column fusion-builder-column-6 fusion_builder_column_1_2 1_2 fusion-one-half\" style=\"--awb-bg-size:cover;width:50%;width:calc(50% - ( ( 4% + 4% ) * 0.5 ) );margin-right: 4%;\"><div class=\"fusion-column-wrapper fusion-flex-column-wrapper-legacy\"><ul style=\"--awb-size:16px;--awb-iconcolor:#f4ae02;--awb-line-height:27.2px;--awb-icon-width:27.2px;--awb-icon-height:27.2px;--awb-icon-margin:11.2px;--awb-content-margin:38.4px;\" class=\"fusion-checklist fusion-checklist-3 fusion-checklist-default type-icons\"><li class=\"fusion-li-item\" style=\"\"><span class=\"icon-wrapper circle-no\"><i class=\"fusion-li-icon fa-arrow-right fas\" aria-hidden=\"true\"><\/i><\/span><div class=\"fusion-li-item-content\">\n<p><strong>INCLUSIVE EDUCATION for all students.<\/strong>The School promotes values based on respect for human rights, discussion and the relationships of coexistence necessary to construct a democratic society.<\/p>\n<\/div><\/li><li class=\"fusion-li-item\" style=\"\"><span class=\"icon-wrapper circle-no\"><i class=\"fusion-li-icon fa-arrow-right fas\" aria-hidden=\"true\"><\/i><\/span><div class=\"fusion-li-item-content\">\n<p><strong>ENGLISH-<\/strong><strong>SPANISH BILINGUALISM <\/strong>allowing our students to develop in all stages of their school and university life, through the use of the English Language.<\/p>\n<\/div><\/li><li class=\"fusion-li-item\" style=\"\"><span class=\"icon-wrapper circle-no\"><i class=\"fusion-li-icon fa-arrow-right fas\" aria-hidden=\"true\"><\/i><\/span><div class=\"fusion-li-item-content\">\n<p><strong>THE DEVELOPMENT OF SKILLS AND ABILITIES necessary to create future citizens with active, analytical and rational minds.<\/strong><\/p>\n<\/div><\/li><li class=\"fusion-li-item\" style=\"\"><span class=\"icon-wrapper circle-no\"><i class=\"fusion-li-icon fa-arrow-right fas\" aria-hidden=\"true\"><\/i><\/span><div class=\"fusion-li-item-content\">\n<p><strong>REACHING THE FULL POTENTIAL OF EVERY ONE OF OUR STUDENTS through activities that allow for the growth of independence and the desire to investigate and learn.<\/strong><\/p>\n<\/div><\/li><li class=\"fusion-li-item\" style=\"\"><span class=\"icon-wrapper circle-no\"><i class=\"fusion-li-icon fa-arrow-right fas\" aria-hidden=\"true\"><\/i><\/span><div class=\"fusion-li-item-content\">\n<p><strong>COMPLEMENTARY EDUCATION. We consider sports, cultural, artistic and manual activities to be a fundamental part of the educational process. They allow for students to discover more about themselves, at the same time providing them with an outside interest in their free time.<\/strong><\/p>\n<\/div><\/li><\/ul><div class=\"fusion-clearfix\"><\/div><\/div><\/div><div class=\"fusion-layout-column fusion_builder_column fusion-builder-column-7 fusion_builder_column_1_4 1_4 fusion-one-fourth fusion-column-last\" style=\"--awb-bg-size:cover;width:25%;width:calc(25% - ( ( 4% + 4% ) * 0.25 ) );\"><div class=\"fusion-column-wrapper fusion-flex-column-wrapper-legacy\"><div class=\"fusion-clearfix\"><\/div><\/div><\/div><\/div><\/div><div class=\"fusion-fullwidth fullwidth-box fusion-builder-row-3 nonhundred-percent-fullwidth non-hundred-percent-height-scrolling\" style=\"--awb-border-radius-top-left:0px;--awb-border-radius-top-right:0px;--awb-border-radius-bottom-right:0px;--awb-border-radius-bottom-left:0px;--awb-flex-wrap:wrap;\" ><div class=\"fusion-builder-row fusion-row\"><div class=\"fusion-layout-column fusion_builder_column fusion-builder-column-8 fusion_builder_column_1_4 1_4 fusion-one-fourth fusion-column-first\" style=\"--awb-bg-size:cover;width:25%;width:calc(25% - ( ( 4% + 4% ) * 0.25 ) );margin-right: 4%;\"><div class=\"fusion-column-wrapper fusion-flex-column-wrapper-legacy\"><div class=\"fusion-clearfix\"><\/div><\/div><\/div><div class=\"fusion-layout-column fusion_builder_column fusion-builder-column-9 fusion_builder_column_1_2 1_2 fusion-one-half\" style=\"--awb-bg-size:cover;width:50%;width:calc(50% - ( ( 4% + 4% ) * 0.5 ) );margin-right: 4%;\"><div class=\"fusion-column-wrapper fusion-flex-column-wrapper-legacy\"><div class=\"fusion-sep-clear\"><\/div><div class=\"fusion-separator fusion-full-width-sep\" style=\"margin-left: auto;margin-right: auto;margin-top:10px;margin-bottom:15px;width:100%;\"><div class=\"fusion-separator-border sep-single sep-dotted\" style=\"--awb-height:20px;--awb-amount:20px;border-color:#e0dede;border-top-width:3px;\"><\/div><\/div><div class=\"fusion-sep-clear\"><\/div><div class=\"fusion-aligncenter\"><a class=\"fusion-button button-flat button-large button-default fusion-button-default button-1 fusion-button-default-span fusion-button-default-type\" target=\"_self\" href=\"http:\/\/wic.edu.es\/en\/proyecto-educativo-colegio-bilingue\/etapas-educativas\/\"><i class=\"fa-arrow-right fas button-icon-left\" aria-hidden=\"true\"><\/i><span class=\"fusion-button-text\">STAGES<\/span><\/a><\/div><div class=\"fusion-clearfix\"><\/div><\/div><\/div><div class=\"fusion-layout-column fusion_builder_column fusion-builder-column-10 fusion_builder_column_1_4 1_4 fusion-one-fourth fusion-column-last\" style=\"--awb-bg-size:cover;width:25%;width:calc(25% - ( ( 4% + 4% ) * 0.25 ) );\"><div class=\"fusion-column-wrapper fusion-flex-column-wrapper-legacy\"><div class=\"fusion-clearfix\"><\/div><\/div><\/div><\/div><\/div><\/p>\n","protected":false},"excerpt":{"rendered":"","protected":false},"author":1,"featured_media":0,"parent":0,"menu_order":0,"comment_status":"closed","ping_status":"closed","template":"100-width.php","meta":{"_joinchat":[],"footnotes":""},"class_list":["post-1759","page","type-page","status-publish","hentry"],"yoast_head":"<!-- This site is optimized with the Yoast SEO plugin v27.1.1 - https:\/\/yoast.com\/product\/yoast-seo-wordpress\/ -->\n<title>Educational project - Colegio Biling\u00fce en Madrid -Willoughby College<\/title>\n<meta name=\"description\" content=\"EDUCACI\u00d3N INTEGRAL DE LOS ALUMNOS Y BILING\u00dcISMO INGL\u00c9S-ESPA\u00d1OL para que nuestros alumnos puedan desenvolverse en lengua inglesa...\" \/>\n<meta name=\"robots\" content=\"index, follow, max-snippet:-1, max-image-preview:large, max-video-preview:-1\" \/>\n<link rel=\"canonical\" href=\"https:\/\/wic.edu.es\/proyecto-educativo-colegio-bilingue\/\" \/>\n<meta property=\"og:locale\" content=\"en_US\" \/>\n<meta property=\"og:type\" content=\"article\" \/>\n<meta property=\"og:title\" content=\"Educational project - Colegio Biling\u00fce en Madrid -Willoughby College\" \/>\n<meta property=\"og:description\" content=\"EDUCACI\u00d3N INTEGRAL DE LOS ALUMNOS Y BILING\u00dcISMO INGL\u00c9S-ESPA\u00d1OL para que nuestros alumnos puedan desenvolverse en lengua inglesa...\" \/>\n<meta property=\"og:url\" content=\"https:\/\/wic.edu.es\/proyecto-educativo-colegio-bilingue\/\" \/>\n<meta property=\"og:site_name\" content=\"Willoughby College\" \/>\n<meta property=\"article:modified_time\" content=\"2023-02-17T08:40:37+00:00\" \/>\n<meta name=\"twitter:card\" content=\"summary_large_image\" \/>\n<meta name=\"twitter:label1\" content=\"Est. reading time\" \/>\n\t<meta name=\"twitter:data1\" content=\"6 minutes\" \/>\n<script type=\"application\/ld+json\" class=\"yoast-schema-graph\">{\"@context\":\"https:\/\/schema.org\",\"@graph\":[{\"@type\":\"WebPage\",\"@id\":\"https:\/\/wic.edu.es\/proyecto-educativo-colegio-bilingue\/\",\"url\":\"https:\/\/wic.edu.es\/proyecto-educativo-colegio-bilingue\/\",\"name\":\"Educational project - Colegio Biling\u00fce en Madrid -Willoughby College\",\"isPartOf\":{\"@id\":\"https:\/\/wic.edu.es\/#website\"},\"datePublished\":\"2018-07-17T17:46:47+00:00\",\"dateModified\":\"2023-02-17T08:40:37+00:00\",\"description\":\"EDUCACI\u00d3N INTEGRAL DE LOS ALUMNOS Y BILING\u00dcISMO INGL\u00c9S-ESPA\u00d1OL para que nuestros alumnos puedan desenvolverse en lengua inglesa...\",\"breadcrumb\":{\"@id\":\"https:\/\/wic.edu.es\/proyecto-educativo-colegio-bilingue\/#breadcrumb\"},\"inLanguage\":\"en-US\",\"potentialAction\":[{\"@type\":\"ReadAction\",\"target\":[\"https:\/\/wic.edu.es\/proyecto-educativo-colegio-bilingue\/\"]}]},{\"@type\":\"BreadcrumbList\",\"@id\":\"https:\/\/wic.edu.es\/proyecto-educativo-colegio-bilingue\/#breadcrumb\",\"itemListElement\":[{\"@type\":\"ListItem\",\"position\":1,\"name\":\"Portada\",\"item\":\"https:\/\/wic.edu.es\/en\/\"},{\"@type\":\"ListItem\",\"position\":2,\"name\":\"Educational project\"}]},{\"@type\":\"WebSite\",\"@id\":\"https:\/\/wic.edu.es\/#website\",\"url\":\"https:\/\/wic.edu.es\/\",\"name\":\"Willoughby College\",\"description\":\"Colegio Privado Biling\u00fce en Madrid\",\"publisher\":{\"@id\":\"https:\/\/wic.edu.es\/#organization\"},\"potentialAction\":[{\"@type\":\"SearchAction\",\"target\":{\"@type\":\"EntryPoint\",\"urlTemplate\":\"https:\/\/wic.edu.es\/?s={search_term_string}\"},\"query-input\":{\"@type\":\"PropertyValueSpecification\",\"valueRequired\":true,\"valueName\":\"search_term_string\"}}],\"inLanguage\":\"en-US\"},{\"@type\":\"Organization\",\"@id\":\"https:\/\/wic.edu.es\/#organization\",\"name\":\"Colegio Biling\u00fce Madrid WIC\",\"url\":\"https:\/\/wic.edu.es\/\",\"logo\":{\"@type\":\"ImageObject\",\"inLanguage\":\"en-US\",\"@id\":\"https:\/\/wic.edu.es\/#\/schema\/logo\/image\/\",\"url\":\"http:\/\/wic.edu.es\/wp-content\/uploads\/2018\/07\/Logos_Willoughby_v3_x2-03.png\",\"contentUrl\":\"http:\/\/wic.edu.es\/wp-content\/uploads\/2018\/07\/Logos_Willoughby_v3_x2-03.png\",\"width\":410,\"height\":188,\"caption\":\"Colegio Biling\u00fce Madrid WIC\"},\"image\":{\"@id\":\"https:\/\/wic.edu.es\/#\/schema\/logo\/image\/\"}}]}<\/script>\n<!-- \/ Yoast SEO plugin. -->","yoast_head_json":{"title":"Educational project - Colegio Biling\u00fce en Madrid -Willoughby College","description":"EDUCACI\u00d3N INTEGRAL DE LOS ALUMNOS Y BILING\u00dcISMO INGL\u00c9S-ESPA\u00d1OL para que nuestros alumnos puedan desenvolverse en lengua inglesa...","robots":{"index":"index","follow":"follow","max-snippet":"max-snippet:-1","max-image-preview":"max-image-preview:large","max-video-preview":"max-video-preview:-1"},"canonical":"https:\/\/wic.edu.es\/proyecto-educativo-colegio-bilingue\/","og_locale":"en_US","og_type":"article","og_title":"Educational project - Colegio Biling\u00fce en Madrid -Willoughby College","og_description":"EDUCACI\u00d3N INTEGRAL DE LOS ALUMNOS Y BILING\u00dcISMO INGL\u00c9S-ESPA\u00d1OL para que nuestros alumnos puedan desenvolverse en lengua inglesa...","og_url":"https:\/\/wic.edu.es\/proyecto-educativo-colegio-bilingue\/","og_site_name":"Willoughby College","article_modified_time":"2023-02-17T08:40:37+00:00","twitter_card":"summary_large_image","twitter_misc":{"Est. reading time":"6 minutes"},"schema":{"@context":"https:\/\/schema.org","@graph":[{"@type":"WebPage","@id":"https:\/\/wic.edu.es\/proyecto-educativo-colegio-bilingue\/","url":"https:\/\/wic.edu.es\/proyecto-educativo-colegio-bilingue\/","name":"Educational project - Colegio Biling\u00fce en Madrid -Willoughby College","isPartOf":{"@id":"https:\/\/wic.edu.es\/#website"},"datePublished":"2018-07-17T17:46:47+00:00","dateModified":"2023-02-17T08:40:37+00:00","description":"EDUCACI\u00d3N INTEGRAL DE LOS ALUMNOS Y BILING\u00dcISMO INGL\u00c9S-ESPA\u00d1OL para que nuestros alumnos puedan desenvolverse en lengua inglesa...","breadcrumb":{"@id":"https:\/\/wic.edu.es\/proyecto-educativo-colegio-bilingue\/#breadcrumb"},"inLanguage":"en-US","potentialAction":[{"@type":"ReadAction","target":["https:\/\/wic.edu.es\/proyecto-educativo-colegio-bilingue\/"]}]},{"@type":"BreadcrumbList","@id":"https:\/\/wic.edu.es\/proyecto-educativo-colegio-bilingue\/#breadcrumb","itemListElement":[{"@type":"ListItem","position":1,"name":"Portada","item":"https:\/\/wic.edu.es\/en\/"},{"@type":"ListItem","position":2,"name":"Educational project"}]},{"@type":"WebSite","@id":"https:\/\/wic.edu.es\/#website","url":"https:\/\/wic.edu.es\/","name":"Willoughby College","description":"Colegio Privado Biling\u00fce en Madrid","publisher":{"@id":"https:\/\/wic.edu.es\/#organization"},"potentialAction":[{"@type":"SearchAction","target":{"@type":"EntryPoint","urlTemplate":"https:\/\/wic.edu.es\/?s={search_term_string}"},"query-input":{"@type":"PropertyValueSpecification","valueRequired":true,"valueName":"search_term_string"}}],"inLanguage":"en-US"},{"@type":"Organization","@id":"https:\/\/wic.edu.es\/#organization","name":"Colegio Biling\u00fce Madrid WIC","url":"https:\/\/wic.edu.es\/","logo":{"@type":"ImageObject","inLanguage":"en-US","@id":"https:\/\/wic.edu.es\/#\/schema\/logo\/image\/","url":"http:\/\/wic.edu.es\/wp-content\/uploads\/2018\/07\/Logos_Willoughby_v3_x2-03.png","contentUrl":"http:\/\/wic.edu.es\/wp-content\/uploads\/2018\/07\/Logos_Willoughby_v3_x2-03.png","width":410,"height":188,"caption":"Colegio Biling\u00fce Madrid WIC"},"image":{"@id":"https:\/\/wic.edu.es\/#\/schema\/logo\/image\/"}}]}},"_links":{"self":[{"href":"https:\/\/wic.edu.es\/en\/wp-json\/wp\/v2\/pages\/1759","targetHints":{"allow":["GET"]}}],"collection":[{"href":"https:\/\/wic.edu.es\/en\/wp-json\/wp\/v2\/pages"}],"about":[{"href":"https:\/\/wic.edu.es\/en\/wp-json\/wp\/v2\/types\/page"}],"author":[{"embeddable":true,"href":"https:\/\/wic.edu.es\/en\/wp-json\/wp\/v2\/users\/1"}],"replies":[{"embeddable":true,"href":"https:\/\/wic.edu.es\/en\/wp-json\/wp\/v2\/comments?post=1759"}],"version-history":[{"count":11,"href":"https:\/\/wic.edu.es\/en\/wp-json\/wp\/v2\/pages\/1759\/revisions"}],"predecessor-version":[{"id":4787,"href":"https:\/\/wic.edu.es\/en\/wp-json\/wp\/v2\/pages\/1759\/revisions\/4787"}],"wp:attachment":[{"href":"https:\/\/wic.edu.es\/en\/wp-json\/wp\/v2\/media?parent=1759"}],"curies":[{"name":"wp","href":"https:\/\/api.w.org\/{rel}","templated":true}]}}