{"id":1741,"date":"2018-07-17T17:46:03","date_gmt":"2018-07-17T17:46:03","guid":{"rendered":"http:\/\/www.wic.edu.es\/colegio-bilingue-madrid\/"},"modified":"2023-02-17T08:48:22","modified_gmt":"2023-02-17T08:48:22","slug":"colegio-bilingue-madrid","status":"publish","type":"page","link":"https:\/\/wic.edu.es\/en\/colegio-bilingue-madrid\/","title":{"rendered":"Bilingualism"},"content":{"rendered":"<p><div class=\"fusion-fullwidth fullwidth-box fusion-builder-row-1 nonhundred-percent-fullwidth non-hundred-percent-height-scrolling\" style=\"--awb-border-radius-top-left:0px;--awb-border-radius-top-right:0px;--awb-border-radius-bottom-right:0px;--awb-border-radius-bottom-left:0px;--awb-flex-wrap:wrap;\" ><div class=\"fusion-builder-row fusion-row\"><div class=\"fusion-layout-column fusion_builder_column fusion-builder-column-0 fusion_builder_column_1_6 1_6 fusion-one-sixth fusion-column-first\" style=\"--awb-bg-size:cover;width:16.666666666667%;width:calc(16.666666666667% - ( ( 4% + 4% ) * 0.16666666666667 ) );margin-right: 4%;\"><div class=\"fusion-column-wrapper fusion-flex-column-wrapper-legacy\"><div class=\"fusion-clearfix\"><\/div><\/div><\/div><div class=\"fusion-layout-column fusion_builder_column fusion-builder-column-1 fusion_builder_column_2_3 2_3 fusion-two-third\" style=\"--awb-bg-size:cover;width:66.666666666667%;width:calc(66.666666666667% - ( ( 4% + 4% ) * 0.66666666666667 ) );margin-right: 4%;\"><div class=\"fusion-column-wrapper fusion-flex-column-wrapper-legacy\"><div class=\"fusion-text fusion-text-1\"><blockquote>\n<h6><strong>If anything stands out above all else about Willoughby International College , it is the exceptional results achieved each year in the Cambridge Exams . Many of our students finish 4\u00ba ESO with the Proficiency Certificate.<\/strong><\/h6>\n<\/blockquote>\n<\/div><div class=\"fusion-clearfix\"><\/div><\/div><\/div><div class=\"fusion-layout-column fusion_builder_column fusion-builder-column-2 fusion_builder_column_1_6 1_6 fusion-one-sixth fusion-column-last\" style=\"--awb-bg-size:cover;width:16.666666666667%;width:calc(16.666666666667% - ( ( 4% + 4% ) * 0.16666666666667 ) );\"><div class=\"fusion-column-wrapper fusion-flex-column-wrapper-legacy\"><div class=\"fusion-clearfix\"><\/div><\/div><\/div><div class=\"fusion-layout-column fusion_builder_column fusion-builder-column-3 fusion_builder_column_1_2 1_2 fusion-one-half fusion-column-first\" style=\"--awb-bg-size:cover;width:50%;width:calc(50% - ( ( 4% ) * 0.5 ) );margin-right: 4%;\"><div class=\"fusion-column-wrapper fusion-flex-column-wrapper-legacy\"><div class=\"fusion-column-content-centered\"><div class=\"fusion-column-content\"><div class=\"fusion-image-element fusion-image-align-center in-legacy-container\" style=\"text-align:center;--awb-caption-title-font-family:var(--h2_typography-font-family);--awb-caption-title-font-weight:var(--h2_typography-font-weight);--awb-caption-title-font-style:var(--h2_typography-font-style);--awb-caption-title-size:var(--h2_typography-font-size);--awb-caption-title-transform:var(--h2_typography-text-transform);--awb-caption-title-line-height:var(--h2_typography-line-height);--awb-caption-title-letter-spacing:var(--h2_typography-letter-spacing);\"><div class=\"imageframe-align-center\"><span class=\" fusion-imageframe imageframe-none imageframe-1 hover-type-zoomin\"><img decoding=\"async\" width=\"1024\" height=\"683\" title=\"secundaria_mayores_1-1\" src=\"http:\/\/wic.edu.es\/wp-content\/uploads\/2022\/09\/secundaria_mayores_1-1-1024x683.jpg\" alt class=\"img-responsive wp-image-4330\" srcset=\"https:\/\/wic.edu.es\/wp-content\/uploads\/2022\/09\/secundaria_mayores_1-1-200x133.jpg 200w, https:\/\/wic.edu.es\/wp-content\/uploads\/2022\/09\/secundaria_mayores_1-1-400x267.jpg 400w, https:\/\/wic.edu.es\/wp-content\/uploads\/2022\/09\/secundaria_mayores_1-1-600x400.jpg 600w, https:\/\/wic.edu.es\/wp-content\/uploads\/2022\/09\/secundaria_mayores_1-1-800x533.jpg 800w, https:\/\/wic.edu.es\/wp-content\/uploads\/2022\/09\/secundaria_mayores_1-1-1200x800.jpg 1200w, https:\/\/wic.edu.es\/wp-content\/uploads\/2022\/09\/secundaria_mayores_1-1.jpg 1440w\" sizes=\"(max-width: 800px) 100vw, 600px\" \/><\/span><\/div><\/div><\/div><\/div><div class=\"fusion-clearfix\"><\/div><\/div><\/div><div class=\"fusion-layout-column fusion_builder_column fusion-builder-column-4 fusion_builder_column_1_2 1_2 fusion-one-half fusion-column-last\" style=\"--awb-bg-size:cover;width:50%;width:calc(50% - ( ( 4% ) * 0.5 ) );\"><div class=\"fusion-column-wrapper fusion-flex-column-wrapper-legacy\"><div class=\"fusion-text fusion-text-2\"><p style=\"text-align: justify; font-size: 18px;\">All our teaching staff are highly qualified with lots of experience. Our English department are all native speakers. For half of each school day , classes are given exclusively in English.<\/p>\n<p style=\"text-align: justify; font-size: 18px;\">Our students receive a rounded education in English, using specialist books whose content covers general culture, history, geography and science. At the same time, students receive teaching and preparation for the University of Cambridge Exams.<\/p>\n<\/div><div class=\"fusion-clearfix\"><\/div><\/div><\/div><\/div><\/div><div class=\"fusion-fullwidth fullwidth-box fusion-builder-row-2 nonhundred-percent-fullwidth non-hundred-percent-height-scrolling\" style=\"--awb-border-radius-top-left:0px;--awb-border-radius-top-right:0px;--awb-border-radius-bottom-right:0px;--awb-border-radius-bottom-left:0px;--awb-padding-right:4%;--awb-padding-left:4%;--awb-flex-wrap:wrap;\" ><div class=\"fusion-builder-row fusion-row\"><div class=\"fusion-layout-column fusion_builder_column fusion-builder-column-5 fusion_builder_column_1_2 1_2 fusion-one-half fusion-column-first\" style=\"--awb-bg-size:cover;width:50%;width:calc(50% - ( ( 4% ) * 0.5 ) );margin-right: 4%;\"><div class=\"fusion-column-wrapper fusion-flex-column-wrapper-legacy\"><div class=\"fusion-title title fusion-title-1 sep-underline sep-solid fusion-title-center fusion-title-text fusion-title-size-four\" style=\"--awb-margin-bottom:10px;--awb-sep-color:#183255;\"><h4 class=\"fusion-title-heading title-heading-center fusion-responsive-typography-calculated\" style=\"margin:0;--fontSize:24;line-height:1.2;\"><span style=\"color: #183255;\">CAMBRIDGE EXAMINATIONS<\/span><\/h4><\/div><ul style=\"--awb-size:18px;--awb-iconcolor:#183255;--awb-line-height:30.6px;--awb-icon-width:30.6px;--awb-icon-height:30.6px;--awb-icon-margin:12.6px;--awb-content-margin:43.2px;\" class=\"fusion-checklist fusion-checklist-1 fusion-checklist-default type-icons\"><li class=\"fusion-li-item\" style=\"\"><span class=\"icon-wrapper circle-no\"><i class=\"fusion-li-icon fa-arrow-right fas\" aria-hidden=\"true\"><\/i><\/span><div class=\"fusion-li-item-content\">\n<p>Starters \u2013 Movers \u2013 Flyers<\/p>\n<\/div><\/li><li class=\"fusion-li-item\" style=\"\"><span class=\"icon-wrapper circle-no\"><i class=\"fusion-li-icon fa-arrow-right fas\" aria-hidden=\"true\"><\/i><\/span><div class=\"fusion-li-item-content\">\n<p>Key English Test (KET)<\/p>\n<\/div><\/li><li class=\"fusion-li-item\" style=\"\"><span class=\"icon-wrapper circle-no\"><i class=\"fusion-li-icon fa-arrow-right fas\" aria-hidden=\"true\"><\/i><\/span><div class=\"fusion-li-item-content\">\n<p>Preliminary English Test (PET)<\/p>\n<\/div><\/li><li class=\"fusion-li-item\" style=\"\"><span class=\"icon-wrapper circle-no\"><i class=\"fusion-li-icon fa-arrow-right fas\" aria-hidden=\"true\"><\/i><\/span><div class=\"fusion-li-item-content\">\n<p>First Certificate in English (FCE)<\/p>\n<\/div><\/li><li class=\"fusion-li-item\" style=\"\"><span class=\"icon-wrapper circle-no\"><i class=\"fusion-li-icon fa-arrow-right fas\" aria-hidden=\"true\"><\/i><\/span><div class=\"fusion-li-item-content\">\n<p>Certificate in Advanced English (CAE)<\/p>\n<\/div><\/li><li class=\"fusion-li-item\" style=\"\"><span class=\"icon-wrapper circle-no\"><i class=\"fusion-li-icon fa-arrow-right fas\" aria-hidden=\"true\"><\/i><\/span><div class=\"fusion-li-item-content\">\n<p>Certificate of Proficiency in English (CPE)<\/p>\n<\/div><\/li><\/ul><div class=\"fusion-image-element in-legacy-container\" style=\"--awb-caption-title-font-family:var(--h2_typography-font-family);--awb-caption-title-font-weight:var(--h2_typography-font-weight);--awb-caption-title-font-style:var(--h2_typography-font-style);--awb-caption-title-size:var(--h2_typography-font-size);--awb-caption-title-transform:var(--h2_typography-text-transform);--awb-caption-title-line-height:var(--h2_typography-line-height);--awb-caption-title-letter-spacing:var(--h2_typography-letter-spacing);\"><span class=\" fusion-imageframe imageframe-none imageframe-2 hover-type-zoomin\"><img decoding=\"async\" width=\"395\" height=\"65\" title=\"img_colegio_logos_british\" src=\"http:\/\/wic.edu.es\/wp-content\/uploads\/2018\/07\/img_colegio_logos_british.jpg\" alt class=\"img-responsive wp-image-1749\" srcset=\"https:\/\/wic.edu.es\/wp-content\/uploads\/2018\/07\/img_colegio_logos_british-200x33.jpg 200w, https:\/\/wic.edu.es\/wp-content\/uploads\/2018\/07\/img_colegio_logos_british.jpg 395w\" sizes=\"(max-width: 800px) 100vw, 395px\" \/><\/span><\/div><div class=\"fusion-clearfix\"><\/div><\/div><\/div><div class=\"fusion-layout-column fusion_builder_column fusion-builder-column-6 fusion_builder_column_1_2 1_2 fusion-one-half fusion-column-last\" style=\"--awb-bg-size:cover;width:50%;width:calc(50% - ( ( 4% ) * 0.5 ) );\"><div class=\"fusion-column-wrapper fusion-flex-column-wrapper-legacy\"><div class=\"fusion-sep-clear\"><\/div><div class=\"fusion-separator fusion-full-width-sep\" style=\"margin-left: auto;margin-right: auto;margin-top:45px;width:100%;\"><\/div><div class=\"fusion-sep-clear\"><\/div><div class=\"fusion-image-element fusion-image-align-center in-legacy-container\" style=\"text-align:center;--awb-caption-title-font-family:var(--h2_typography-font-family);--awb-caption-title-font-weight:var(--h2_typography-font-weight);--awb-caption-title-font-style:var(--h2_typography-font-style);--awb-caption-title-size:var(--h2_typography-font-size);--awb-caption-title-transform:var(--h2_typography-text-transform);--awb-caption-title-line-height:var(--h2_typography-line-height);--awb-caption-title-letter-spacing:var(--h2_typography-letter-spacing);\"><div class=\"imageframe-align-center\"><span class=\" fusion-imageframe imageframe-none imageframe-3 hover-type-zoomin\"><img decoding=\"async\" width=\"528\" height=\"310\" title=\"bilinguismo_5\" src=\"http:\/\/wic.edu.es\/wp-content\/uploads\/2018\/09\/bilinguismo_5.jpg\" alt class=\"img-responsive wp-image-1750\" srcset=\"https:\/\/wic.edu.es\/wp-content\/uploads\/2018\/09\/bilinguismo_5-200x117.jpg 200w, https:\/\/wic.edu.es\/wp-content\/uploads\/2018\/09\/bilinguismo_5-400x235.jpg 400w, https:\/\/wic.edu.es\/wp-content\/uploads\/2018\/09\/bilinguismo_5.jpg 528w\" sizes=\"(max-width: 800px) 100vw, 528px\" \/><\/span><\/div><\/div><div class=\"fusion-clearfix\"><\/div><\/div><\/div><\/div><\/div><\/p>\n","protected":false},"excerpt":{"rendered":"","protected":false},"author":1,"featured_media":0,"parent":0,"menu_order":0,"comment_status":"closed","ping_status":"closed","template":"100-width.php","meta":{"_joinchat":[],"footnotes":""},"class_list":["post-1741","page","type-page","status-publish","hentry"],"yoast_head":"<!-- This site is optimized with the Yoast SEO plugin v27.1.1 - https:\/\/yoast.com\/product\/yoast-seo-wordpress\/ -->\n<title>Colegio Biling\u00fce en Madrid - Willoughby College<\/title>\n<meta name=\"description\" content=\"Colegio Bilig\u00fce en Chamart\u00edn, Colegio Biling\u00fce en Madrid, todo el profesorado de nuestro centro posee una elevada cualificaci\u00f3n y una amplia experiencia.\" \/>\n<meta name=\"robots\" content=\"index, follow, max-snippet:-1, max-image-preview:large, max-video-preview:-1\" \/>\n<link rel=\"canonical\" href=\"https:\/\/wic.edu.es\/en\/colegio-bilingue-madrid\/\" \/>\n<meta property=\"og:locale\" content=\"en_US\" \/>\n<meta property=\"og:type\" content=\"article\" \/>\n<meta property=\"og:title\" content=\"Colegio Biling\u00fce en Madrid - Willoughby College\" \/>\n<meta property=\"og:description\" content=\"Colegio Bilig\u00fce en Chamart\u00edn, Colegio Biling\u00fce en Madrid, todo el profesorado de nuestro centro posee una elevada cualificaci\u00f3n y una amplia experiencia.\" \/>\n<meta property=\"og:url\" content=\"https:\/\/wic.edu.es\/en\/colegio-bilingue-madrid\/\" \/>\n<meta property=\"og:site_name\" content=\"Willoughby College\" \/>\n<meta property=\"article:modified_time\" content=\"2023-02-17T08:48:22+00:00\" \/>\n<meta name=\"twitter:card\" content=\"summary_large_image\" \/>\n<meta name=\"twitter:label1\" content=\"Est. reading time\" \/>\n\t<meta name=\"twitter:data1\" content=\"3 minutes\" \/>\n<script type=\"application\/ld+json\" class=\"yoast-schema-graph\">{\"@context\":\"https:\/\/schema.org\",\"@graph\":[{\"@type\":\"WebPage\",\"@id\":\"https:\/\/wic.edu.es\/en\/colegio-bilingue-madrid\/\",\"url\":\"https:\/\/wic.edu.es\/en\/colegio-bilingue-madrid\/\",\"name\":\"Colegio Biling\u00fce en Madrid - Willoughby College\",\"isPartOf\":{\"@id\":\"https:\/\/wic.edu.es\/#website\"},\"datePublished\":\"2018-07-17T17:46:03+00:00\",\"dateModified\":\"2023-02-17T08:48:22+00:00\",\"description\":\"Colegio Bilig\u00fce en Chamart\u00edn, Colegio Biling\u00fce en Madrid, todo el profesorado de nuestro centro posee una elevada cualificaci\u00f3n y una amplia experiencia.\",\"breadcrumb\":{\"@id\":\"https:\/\/wic.edu.es\/en\/colegio-bilingue-madrid\/#breadcrumb\"},\"inLanguage\":\"en-US\",\"potentialAction\":[{\"@type\":\"ReadAction\",\"target\":[\"https:\/\/wic.edu.es\/en\/colegio-bilingue-madrid\/\"]}]},{\"@type\":\"BreadcrumbList\",\"@id\":\"https:\/\/wic.edu.es\/en\/colegio-bilingue-madrid\/#breadcrumb\",\"itemListElement\":[{\"@type\":\"ListItem\",\"position\":1,\"name\":\"Portada\",\"item\":\"https:\/\/wic.edu.es\/en\/\"},{\"@type\":\"ListItem\",\"position\":2,\"name\":\"Bilingualism\"}]},{\"@type\":\"WebSite\",\"@id\":\"https:\/\/wic.edu.es\/#website\",\"url\":\"https:\/\/wic.edu.es\/\",\"name\":\"Willoughby College\",\"description\":\"Colegio Privado Biling\u00fce en Madrid\",\"publisher\":{\"@id\":\"https:\/\/wic.edu.es\/#organization\"},\"potentialAction\":[{\"@type\":\"SearchAction\",\"target\":{\"@type\":\"EntryPoint\",\"urlTemplate\":\"https:\/\/wic.edu.es\/?s={search_term_string}\"},\"query-input\":{\"@type\":\"PropertyValueSpecification\",\"valueRequired\":true,\"valueName\":\"search_term_string\"}}],\"inLanguage\":\"en-US\"},{\"@type\":\"Organization\",\"@id\":\"https:\/\/wic.edu.es\/#organization\",\"name\":\"Colegio Biling\u00fce Madrid WIC\",\"url\":\"https:\/\/wic.edu.es\/\",\"logo\":{\"@type\":\"ImageObject\",\"inLanguage\":\"en-US\",\"@id\":\"https:\/\/wic.edu.es\/#\/schema\/logo\/image\/\",\"url\":\"http:\/\/wic.edu.es\/wp-content\/uploads\/2018\/07\/Logos_Willoughby_v3_x2-03.png\",\"contentUrl\":\"http:\/\/wic.edu.es\/wp-content\/uploads\/2018\/07\/Logos_Willoughby_v3_x2-03.png\",\"width\":410,\"height\":188,\"caption\":\"Colegio Biling\u00fce Madrid WIC\"},\"image\":{\"@id\":\"https:\/\/wic.edu.es\/#\/schema\/logo\/image\/\"}}]}<\/script>\n<!-- \/ Yoast SEO plugin. -->","yoast_head_json":{"title":"Colegio Biling\u00fce en Madrid - Willoughby College","description":"Colegio Bilig\u00fce en Chamart\u00edn, Colegio Biling\u00fce en Madrid, todo el profesorado de nuestro centro posee una elevada cualificaci\u00f3n y una amplia experiencia.","robots":{"index":"index","follow":"follow","max-snippet":"max-snippet:-1","max-image-preview":"max-image-preview:large","max-video-preview":"max-video-preview:-1"},"canonical":"https:\/\/wic.edu.es\/en\/colegio-bilingue-madrid\/","og_locale":"en_US","og_type":"article","og_title":"Colegio Biling\u00fce en Madrid - Willoughby College","og_description":"Colegio Bilig\u00fce en Chamart\u00edn, Colegio Biling\u00fce en Madrid, todo el profesorado de nuestro centro posee una elevada cualificaci\u00f3n y una amplia experiencia.","og_url":"https:\/\/wic.edu.es\/en\/colegio-bilingue-madrid\/","og_site_name":"Willoughby College","article_modified_time":"2023-02-17T08:48:22+00:00","twitter_card":"summary_large_image","twitter_misc":{"Est. reading time":"3 minutes"},"schema":{"@context":"https:\/\/schema.org","@graph":[{"@type":"WebPage","@id":"https:\/\/wic.edu.es\/en\/colegio-bilingue-madrid\/","url":"https:\/\/wic.edu.es\/en\/colegio-bilingue-madrid\/","name":"Colegio Biling\u00fce en Madrid - Willoughby College","isPartOf":{"@id":"https:\/\/wic.edu.es\/#website"},"datePublished":"2018-07-17T17:46:03+00:00","dateModified":"2023-02-17T08:48:22+00:00","description":"Colegio Bilig\u00fce en Chamart\u00edn, Colegio Biling\u00fce en Madrid, todo el profesorado de nuestro centro posee una elevada cualificaci\u00f3n y una amplia experiencia.","breadcrumb":{"@id":"https:\/\/wic.edu.es\/en\/colegio-bilingue-madrid\/#breadcrumb"},"inLanguage":"en-US","potentialAction":[{"@type":"ReadAction","target":["https:\/\/wic.edu.es\/en\/colegio-bilingue-madrid\/"]}]},{"@type":"BreadcrumbList","@id":"https:\/\/wic.edu.es\/en\/colegio-bilingue-madrid\/#breadcrumb","itemListElement":[{"@type":"ListItem","position":1,"name":"Portada","item":"https:\/\/wic.edu.es\/en\/"},{"@type":"ListItem","position":2,"name":"Bilingualism"}]},{"@type":"WebSite","@id":"https:\/\/wic.edu.es\/#website","url":"https:\/\/wic.edu.es\/","name":"Willoughby College","description":"Colegio Privado Biling\u00fce en Madrid","publisher":{"@id":"https:\/\/wic.edu.es\/#organization"},"potentialAction":[{"@type":"SearchAction","target":{"@type":"EntryPoint","urlTemplate":"https:\/\/wic.edu.es\/?s={search_term_string}"},"query-input":{"@type":"PropertyValueSpecification","valueRequired":true,"valueName":"search_term_string"}}],"inLanguage":"en-US"},{"@type":"Organization","@id":"https:\/\/wic.edu.es\/#organization","name":"Colegio Biling\u00fce Madrid WIC","url":"https:\/\/wic.edu.es\/","logo":{"@type":"ImageObject","inLanguage":"en-US","@id":"https:\/\/wic.edu.es\/#\/schema\/logo\/image\/","url":"http:\/\/wic.edu.es\/wp-content\/uploads\/2018\/07\/Logos_Willoughby_v3_x2-03.png","contentUrl":"http:\/\/wic.edu.es\/wp-content\/uploads\/2018\/07\/Logos_Willoughby_v3_x2-03.png","width":410,"height":188,"caption":"Colegio Biling\u00fce Madrid WIC"},"image":{"@id":"https:\/\/wic.edu.es\/#\/schema\/logo\/image\/"}}]}},"_links":{"self":[{"href":"https:\/\/wic.edu.es\/en\/wp-json\/wp\/v2\/pages\/1741","targetHints":{"allow":["GET"]}}],"collection":[{"href":"https:\/\/wic.edu.es\/en\/wp-json\/wp\/v2\/pages"}],"about":[{"href":"https:\/\/wic.edu.es\/en\/wp-json\/wp\/v2\/types\/page"}],"author":[{"embeddable":true,"href":"https:\/\/wic.edu.es\/en\/wp-json\/wp\/v2\/users\/1"}],"replies":[{"embeddable":true,"href":"https:\/\/wic.edu.es\/en\/wp-json\/wp\/v2\/comments?post=1741"}],"version-history":[{"count":8,"href":"https:\/\/wic.edu.es\/en\/wp-json\/wp\/v2\/pages\/1741\/revisions"}],"predecessor-version":[{"id":4789,"href":"https:\/\/wic.edu.es\/en\/wp-json\/wp\/v2\/pages\/1741\/revisions\/4789"}],"wp:attachment":[{"href":"https:\/\/wic.edu.es\/en\/wp-json\/wp\/v2\/media?parent=1741"}],"curies":[{"name":"wp","href":"https:\/\/api.w.org\/{rel}","templated":true}]}}