{"id":1713,"date":"2018-07-17T17:45:24","date_gmt":"2018-07-17T17:45:24","guid":{"rendered":"http:\/\/www.wic.edu.es\/historia\/"},"modified":"2020-10-27T10:46:54","modified_gmt":"2020-10-27T10:46:54","slug":"historia","status":"publish","type":"page","link":"https:\/\/wic.edu.es\/en\/historia\/","title":{"rendered":"History"},"content":{"rendered":"<p><div class=\"fusion-fullwidth fullwidth-box fusion-builder-row-1 nonhundred-percent-fullwidth non-hundred-percent-height-scrolling\" style=\"--awb-border-radius-top-left:0px;--awb-border-radius-top-right:0px;--awb-border-radius-bottom-right:0px;--awb-border-radius-bottom-left:0px;--awb-flex-wrap:wrap;\" ><div class=\"fusion-builder-row fusion-row\"><div class=\"fusion-layout-column fusion_builder_column fusion-builder-column-0 fusion_builder_column_1_2 1_2 fusion-one-half fusion-column-first fusion-animated\" style=\"--awb-bg-size:cover;width:50%;width:calc(50% - ( ( 4% ) * 0.5 ) );margin-right: 4%;\" data-animationType=\"slideInLeft\" data-animationDuration=\"0.4\" data-animationOffset=\"top-into-view\"><div class=\"fusion-column-wrapper fusion-flex-column-wrapper-legacy\"><div class=\"fusion-sep-clear\"><\/div><div class=\"fusion-separator fusion-full-width-sep\" style=\"margin-left: auto;margin-right: auto;margin-top:45px;width:100%;\"><\/div><div class=\"fusion-sep-clear\"><\/div><div class=\"fusion-image-element fusion-image-align-center in-legacy-container\" style=\"text-align:center;--awb-caption-title-font-family:var(--h2_typography-font-family);--awb-caption-title-font-weight:var(--h2_typography-font-weight);--awb-caption-title-font-style:var(--h2_typography-font-style);--awb-caption-title-size:var(--h2_typography-font-size);--awb-caption-title-transform:var(--h2_typography-text-transform);--awb-caption-title-line-height:var(--h2_typography-line-height);--awb-caption-title-letter-spacing:var(--h2_typography-letter-spacing);\"><div class=\"imageframe-align-center\"><span class=\" fusion-imageframe imageframe-none imageframe-1 hover-type-zoomin\"><img decoding=\"async\" width=\"1024\" height=\"768\" alt=\"mejor colegio bilingue en madrid\" title=\"Curso comienzo del colegio\" src=\"http:\/\/wic.edu.es\/wp-content\/uploads\/2018\/10\/Curso-comienzo-del-colegio-1024x768.jpg\" class=\"img-responsive wp-image-352\" srcset=\"https:\/\/wic.edu.es\/wp-content\/uploads\/2018\/10\/Curso-comienzo-del-colegio-200x150.jpg 200w, https:\/\/wic.edu.es\/wp-content\/uploads\/2018\/10\/Curso-comienzo-del-colegio-400x300.jpg 400w, https:\/\/wic.edu.es\/wp-content\/uploads\/2018\/10\/Curso-comienzo-del-colegio-600x450.jpg 600w, https:\/\/wic.edu.es\/wp-content\/uploads\/2018\/10\/Curso-comienzo-del-colegio-800x600.jpg 800w, https:\/\/wic.edu.es\/wp-content\/uploads\/2018\/10\/Curso-comienzo-del-colegio-1200x900.jpg 1200w, https:\/\/wic.edu.es\/wp-content\/uploads\/2018\/10\/Curso-comienzo-del-colegio.jpg 2560w\" sizes=\"(max-width: 800px) 100vw, 600px\" \/><\/span><\/div><\/div><div class=\"fusion-clearfix\"><\/div><\/div><\/div><div class=\"fusion-layout-column fusion_builder_column fusion-builder-column-1 fusion_builder_column_1_2 1_2 fusion-one-half fusion-column-last fusion-animated\" style=\"--awb-bg-size:cover;width:50%;width:calc(50% - ( ( 4% ) * 0.5 ) );\" data-animationType=\"slideInRight\" data-animationDuration=\"0.6\" data-animationOffset=\"top-into-view\"><div class=\"fusion-column-wrapper fusion-flex-column-wrapper-legacy\"><div class=\"fusion-title title fusion-title-1 sep-underline sep-solid fusion-title-text fusion-title-size-four\" style=\"--awb-margin-bottom:15px;--awb-sep-color:#183255;\"><h4 class=\"fusion-title-heading title-heading-left fusion-responsive-typography-calculated\" style=\"margin:0;--fontSize:24;line-height:1.2;\"><span style=\"color: #183255;\">History of the school<\/span><\/h4><\/div><div class=\"fusion-text fusion-text-1\"><p><strong>Founded in 1972\u00a0<\/strong>as one of the first bilingual schools in Spain, Willoughby\u00a0 International College became a reference in the world of teaching in Madrid, achieved through more than 45 years of consistent work and experience. It is currently known for its prestige in offering a top-quality education to all its students (pre-school, primary and secondary).<\/p>\n<p>At Willoughby College, the <strong>personalised and direct approach to communication<\/strong> that we have <strong>with our families and students<\/strong> is one of our greatest assets in <strong>guaranteeing success<\/strong> in our students\u2019 education. It is for this reason, that the school staff are always available to parents, at any time of day. Through continual, exhaustive and personalised programmes, WIC teaching team and management make the schools\u2019 Educational Project a reality, affording students the ability to achieve their full potential both personally and intellectually.<\/p>\n<p>Located on <strong>Avenida de Pio XII<\/strong>, in the <strong>Chamartin <\/strong>neighbourhood, the school offers a personalised bilingual education. At the end of their final year in Secondary school, students will achieve the highest levels of English through the University of Cambridge English exams (Advanced and Proficiency), acquiring an enviable level of English.<\/p>\n<\/div><div class=\"fusion-clearfix\"><\/div><\/div><\/div><div class=\"fusion-layout-column fusion_builder_column fusion-builder-column-2 fusion_builder_column_1_1 1_1 fusion-one-full fusion-column-first fusion-column-last\" style=\"--awb-bg-size:cover;\"><div class=\"fusion-column-wrapper fusion-flex-column-wrapper-legacy\"><div class=\"fusion-sep-clear\"><\/div><div class=\"fusion-separator fusion-full-width-sep\" style=\"margin-left: auto;margin-right: auto;margin-top:30px;width:100%;\"><div class=\"fusion-separator-border sep-single sep-solid\" style=\"--awb-height:20px;--awb-amount:20px;border-color:#e0dede;border-top-width:2px;\"><\/div><\/div><div class=\"fusion-sep-clear\"><\/div><div class=\"fusion-clearfix\"><\/div><\/div><\/div><\/div><\/div><div class=\"fusion-fullwidth fullwidth-box fusion-builder-row-2 hundred-percent-fullwidth non-hundred-percent-height-scrolling\" style=\"--awb-border-radius-top-left:0px;--awb-border-radius-top-right:0px;--awb-border-radius-bottom-right:0px;--awb-border-radius-bottom-left:0px;--awb-padding-right:4%;--awb-padding-left:4%;--awb-flex-wrap:wrap;\" ><div class=\"fusion-builder-row fusion-row\"><div class=\"fusion-layout-column fusion_builder_column fusion-builder-column-3 fusion_builder_column_1_4 1_4 fusion-one-fourth fusion-column-first\" style=\"--awb-bg-size:cover;width:25%;width:calc(25% - ( ( 4% + 4% ) * 0.25 ) );margin-right: 4%;\"><div class=\"fusion-column-wrapper fusion-flex-column-wrapper-legacy\"><div class=\"fusion-clearfix\"><\/div><\/div><\/div><div class=\"fusion-layout-column fusion_builder_column fusion-builder-column-4 fusion_builder_column_1_2 1_2 fusion-one-half fusion-animated\" style=\"--awb-bg-size:cover;width:50%;width:calc(50% - ( ( 4% + 4% ) * 0.5 ) );margin-right: 4%;\" data-animationType=\"slideInDown\" data-animationDuration=\"0.4\" data-animationOffset=\"top-into-view\"><div class=\"fusion-column-wrapper fusion-flex-column-wrapper-legacy\"><div class=\"fusion-title title fusion-title-2 sep-underline sep-solid fusion-title-center fusion-title-text fusion-title-size-four\" style=\"--awb-margin-bottom:15px;--awb-sep-color:#183255;\"><h4 class=\"fusion-title-heading title-heading-center fusion-responsive-typography-calculated\" style=\"margin:0;--fontSize:24;line-height:1.2;\"><span style=\"color: #183255;\">Events<\/span><\/h4><\/div><div class=\"fusion-clearfix\"><\/div><\/div><\/div><div class=\"fusion-layout-column fusion_builder_column fusion-builder-column-5 fusion_builder_column_1_4 1_4 fusion-one-fourth fusion-column-last\" style=\"--awb-bg-size:cover;width:25%;width:calc(25% - ( ( 4% + 4% ) * 0.25 ) );\"><div class=\"fusion-column-wrapper fusion-flex-column-wrapper-legacy\"><div class=\"fusion-clearfix\"><\/div><\/div><\/div><div class=\"fusion-layout-column fusion_builder_column fusion-builder-column-6 fusion_builder_column_1_4 1_4 fusion-one-fourth fusion-column-first\" style=\"--awb-bg-size:cover;width:25%;width:calc(25% - ( ( 4% + 4% + 4% ) * 0.25 ) );margin-right: 4%;\"><div class=\"fusion-column-wrapper fusion-flex-column-wrapper-legacy\"><div class=\"fusion-clearfix\"><\/div><\/div><\/div><div class=\"fusion-layout-column fusion_builder_column fusion-builder-column-7 fusion_builder_column_1_4 1_4 fusion-one-fourth fusion-animated\" style=\"--awb-bg-size:cover;width:25%;width:calc(25% - ( ( 4% + 4% + 4% ) * 0.25 ) );margin-right: 4%;\" data-animationType=\"slideInLeft\" data-animationDuration=\"0.3\" data-animationOffset=\"top-into-view\"><div class=\"fusion-column-wrapper fusion-flex-column-wrapper-legacy\"><div class=\"fusion-image-element fusion-image-align-center in-legacy-container\" style=\"text-align:center;--awb-max-width:200px;--awb-caption-title-font-family:var(--h2_typography-font-family);--awb-caption-title-font-weight:var(--h2_typography-font-weight);--awb-caption-title-font-style:var(--h2_typography-font-style);--awb-caption-title-size:var(--h2_typography-font-size);--awb-caption-title-transform:var(--h2_typography-text-transform);--awb-caption-title-line-height:var(--h2_typography-line-height);--awb-caption-title-letter-spacing:var(--h2_typography-letter-spacing);\"><div class=\"imageframe-align-center\"><span class=\" fusion-imageframe imageframe-none imageframe-2 hover-type-zoomin\" style=\"border:5px solid #999999;border-radius:50%;\"><img decoding=\"async\" width=\"400\" height=\"400\" title=\"christmas_concert_ok\" src=\"http:\/\/wic.edu.es\/wp-content\/uploads\/2018\/07\/christmas_concert_ok.jpg\" alt class=\"img-responsive wp-image-1716\" srcset=\"https:\/\/wic.edu.es\/wp-content\/uploads\/2018\/07\/christmas_concert_ok-200x200.jpg 200w, https:\/\/wic.edu.es\/wp-content\/uploads\/2018\/07\/christmas_concert_ok.jpg 400w\" sizes=\"(max-width: 800px) 100vw, 400px\" \/><\/span><\/div><\/div><div class=\"fusion-title title fusion-title-3 fusion-sep-none fusion-title-center fusion-title-text fusion-title-size-four\" style=\"--awb-margin-top:20px;--awb-margin-bottom:10px;\"><h4 class=\"fusion-title-heading title-heading-center fusion-responsive-typography-calculated\" style=\"margin:0;--fontSize:24;line-height:1.2;\"><span style=\"color: #183255;\">Christmas Play<\/span><\/h4><\/div><div class=\"fusion-text fusion-text-2\"><p style=\"text-align: center;\">Every year, students from Infant 2 to Primary 4 perform a Christmas play in English.<\/p>\n<\/div><div class=\"fusion-clearfix\"><\/div><\/div><\/div><div class=\"fusion-layout-column fusion_builder_column fusion-builder-column-8 fusion_builder_column_1_4 1_4 fusion-one-fourth fusion-animated\" style=\"--awb-bg-size:cover;width:25%;width:calc(25% - ( ( 4% + 4% + 4% ) * 0.25 ) );margin-right: 4%;\" data-animationType=\"slideInLeft\" data-animationDuration=\"0.5\" data-animationOffset=\"top-into-view\"><div class=\"fusion-column-wrapper fusion-flex-column-wrapper-legacy\"><div class=\"fusion-image-element fusion-image-align-center in-legacy-container\" style=\"text-align:center;--awb-max-width:200px;--awb-caption-title-font-family:var(--h2_typography-font-family);--awb-caption-title-font-weight:var(--h2_typography-font-weight);--awb-caption-title-font-style:var(--h2_typography-font-style);--awb-caption-title-size:var(--h2_typography-font-size);--awb-caption-title-transform:var(--h2_typography-text-transform);--awb-caption-title-line-height:var(--h2_typography-line-height);--awb-caption-title-letter-spacing:var(--h2_typography-letter-spacing);\"><div class=\"imageframe-align-center\"><span class=\" fusion-imageframe imageframe-none imageframe-3 hover-type-zoomin\" style=\"border:5px solid #999999;border-radius:50%;\"><img decoding=\"async\" width=\"400\" height=\"400\" title=\"proyecto\" src=\"http:\/\/wic.edu.es\/wp-content\/uploads\/2018\/07\/proyecto.jpg\" alt class=\"img-responsive wp-image-1345\" srcset=\"https:\/\/wic.edu.es\/wp-content\/uploads\/2018\/07\/proyecto-200x200.jpg 200w, https:\/\/wic.edu.es\/wp-content\/uploads\/2018\/07\/proyecto.jpg 400w\" sizes=\"(max-width: 800px) 100vw, 400px\" \/><\/span><\/div><\/div><div class=\"fusion-title title fusion-title-4 fusion-sep-none fusion-title-center fusion-title-text fusion-title-size-four\" style=\"--awb-margin-top:20px;--awb-margin-bottom:10px;\"><h4 class=\"fusion-title-heading title-heading-center fusion-responsive-typography-calculated\" style=\"margin:0;--fontSize:24;line-height:1.2;\"><span style=\"color: #183255;\">Music Festival<\/span><\/h4><\/div><div class=\"fusion-text fusion-text-3\"><p style=\"text-align: center;\">Every year in June, students prepare a selection of songs\u00a0 to perform to their families.<\/p>\n<\/div><div class=\"fusion-clearfix\"><\/div><\/div><\/div><div class=\"fusion-layout-column fusion_builder_column fusion-builder-column-9 fusion_builder_column_1_4 1_4 fusion-one-fourth fusion-column-last\" style=\"--awb-bg-size:cover;width:25%;width:calc(25% - ( ( 4% + 4% + 4% ) * 0.25 ) );\"><div class=\"fusion-column-wrapper fusion-flex-column-wrapper-legacy\"><div class=\"fusion-clearfix\"><\/div><\/div><\/div><\/div><\/div><\/p>\n","protected":false},"excerpt":{"rendered":"","protected":false},"author":1,"featured_media":0,"parent":0,"menu_order":0,"comment_status":"closed","ping_status":"closed","template":"100-width.php","meta":{"_joinchat":[],"footnotes":""},"class_list":["post-1713","page","type-page","status-publish","hentry"],"yoast_head":"<!-- This site is optimized with the Yoast SEO plugin v27.1.1 - https:\/\/yoast.com\/product\/yoast-seo-wordpress\/ -->\n<title>History - Willoughby College - Colegio Biling\u00fce en Madrid<\/title>\n<meta name=\"description\" content=\"Conoce la Historia de Willoughby International College, Colegio Bling\u00fce en Madrid, ubicado en Chamart\u00edn, en P\u00edo XII.\" \/>\n<meta name=\"robots\" content=\"index, follow, max-snippet:-1, max-image-preview:large, max-video-preview:-1\" \/>\n<link rel=\"canonical\" href=\"https:\/\/wic.edu.es\/historia\/\" \/>\n<meta property=\"og:locale\" content=\"en_US\" \/>\n<meta property=\"og:type\" content=\"article\" \/>\n<meta property=\"og:title\" content=\"History - Willoughby College - Colegio Biling\u00fce en Madrid\" \/>\n<meta property=\"og:description\" content=\"Conoce la Historia de Willoughby International College, Colegio Bling\u00fce en Madrid, ubicado en Chamart\u00edn, en P\u00edo XII.\" \/>\n<meta property=\"og:url\" content=\"https:\/\/wic.edu.es\/historia\/\" \/>\n<meta property=\"og:site_name\" content=\"Willoughby College\" \/>\n<meta property=\"article:modified_time\" content=\"2020-10-27T10:46:54+00:00\" \/>\n<meta name=\"twitter:card\" content=\"summary_large_image\" \/>\n<meta name=\"twitter:label1\" content=\"Est. reading time\" \/>\n\t<meta name=\"twitter:data1\" content=\"8 minutes\" \/>\n<script type=\"application\/ld+json\" class=\"yoast-schema-graph\">{\"@context\":\"https:\/\/schema.org\",\"@graph\":[{\"@type\":\"WebPage\",\"@id\":\"https:\/\/wic.edu.es\/historia\/\",\"url\":\"https:\/\/wic.edu.es\/historia\/\",\"name\":\"History - Willoughby College - Colegio Biling\u00fce en Madrid\",\"isPartOf\":{\"@id\":\"https:\/\/wic.edu.es\/#website\"},\"datePublished\":\"2018-07-17T17:45:24+00:00\",\"dateModified\":\"2020-10-27T10:46:54+00:00\",\"description\":\"Conoce la Historia de Willoughby International College, Colegio Bling\u00fce en Madrid, ubicado en Chamart\u00edn, en P\u00edo XII.\",\"breadcrumb\":{\"@id\":\"https:\/\/wic.edu.es\/historia\/#breadcrumb\"},\"inLanguage\":\"en-US\",\"potentialAction\":[{\"@type\":\"ReadAction\",\"target\":[\"https:\/\/wic.edu.es\/historia\/\"]}]},{\"@type\":\"BreadcrumbList\",\"@id\":\"https:\/\/wic.edu.es\/historia\/#breadcrumb\",\"itemListElement\":[{\"@type\":\"ListItem\",\"position\":1,\"name\":\"Portada\",\"item\":\"https:\/\/wic.edu.es\/en\/\"},{\"@type\":\"ListItem\",\"position\":2,\"name\":\"History\"}]},{\"@type\":\"WebSite\",\"@id\":\"https:\/\/wic.edu.es\/#website\",\"url\":\"https:\/\/wic.edu.es\/\",\"name\":\"Willoughby College\",\"description\":\"Colegio Privado Biling\u00fce en Madrid\",\"publisher\":{\"@id\":\"https:\/\/wic.edu.es\/#organization\"},\"potentialAction\":[{\"@type\":\"SearchAction\",\"target\":{\"@type\":\"EntryPoint\",\"urlTemplate\":\"https:\/\/wic.edu.es\/?s={search_term_string}\"},\"query-input\":{\"@type\":\"PropertyValueSpecification\",\"valueRequired\":true,\"valueName\":\"search_term_string\"}}],\"inLanguage\":\"en-US\"},{\"@type\":\"Organization\",\"@id\":\"https:\/\/wic.edu.es\/#organization\",\"name\":\"Colegio Biling\u00fce Madrid WIC\",\"url\":\"https:\/\/wic.edu.es\/\",\"logo\":{\"@type\":\"ImageObject\",\"inLanguage\":\"en-US\",\"@id\":\"https:\/\/wic.edu.es\/#\/schema\/logo\/image\/\",\"url\":\"http:\/\/wic.edu.es\/wp-content\/uploads\/2018\/07\/Logos_Willoughby_v3_x2-03.png\",\"contentUrl\":\"http:\/\/wic.edu.es\/wp-content\/uploads\/2018\/07\/Logos_Willoughby_v3_x2-03.png\",\"width\":410,\"height\":188,\"caption\":\"Colegio Biling\u00fce Madrid WIC\"},\"image\":{\"@id\":\"https:\/\/wic.edu.es\/#\/schema\/logo\/image\/\"}}]}<\/script>\n<!-- \/ Yoast SEO plugin. -->","yoast_head_json":{"title":"History - Willoughby College - Colegio Biling\u00fce en Madrid","description":"Conoce la Historia de Willoughby International College, Colegio Bling\u00fce en Madrid, ubicado en Chamart\u00edn, en P\u00edo XII.","robots":{"index":"index","follow":"follow","max-snippet":"max-snippet:-1","max-image-preview":"max-image-preview:large","max-video-preview":"max-video-preview:-1"},"canonical":"https:\/\/wic.edu.es\/historia\/","og_locale":"en_US","og_type":"article","og_title":"History - Willoughby College - Colegio Biling\u00fce en Madrid","og_description":"Conoce la Historia de Willoughby International College, Colegio Bling\u00fce en Madrid, ubicado en Chamart\u00edn, en P\u00edo XII.","og_url":"https:\/\/wic.edu.es\/historia\/","og_site_name":"Willoughby College","article_modified_time":"2020-10-27T10:46:54+00:00","twitter_card":"summary_large_image","twitter_misc":{"Est. reading time":"8 minutes"},"schema":{"@context":"https:\/\/schema.org","@graph":[{"@type":"WebPage","@id":"https:\/\/wic.edu.es\/historia\/","url":"https:\/\/wic.edu.es\/historia\/","name":"History - Willoughby College - Colegio Biling\u00fce en Madrid","isPartOf":{"@id":"https:\/\/wic.edu.es\/#website"},"datePublished":"2018-07-17T17:45:24+00:00","dateModified":"2020-10-27T10:46:54+00:00","description":"Conoce la Historia de Willoughby International College, Colegio Bling\u00fce en Madrid, ubicado en Chamart\u00edn, en P\u00edo XII.","breadcrumb":{"@id":"https:\/\/wic.edu.es\/historia\/#breadcrumb"},"inLanguage":"en-US","potentialAction":[{"@type":"ReadAction","target":["https:\/\/wic.edu.es\/historia\/"]}]},{"@type":"BreadcrumbList","@id":"https:\/\/wic.edu.es\/historia\/#breadcrumb","itemListElement":[{"@type":"ListItem","position":1,"name":"Portada","item":"https:\/\/wic.edu.es\/en\/"},{"@type":"ListItem","position":2,"name":"History"}]},{"@type":"WebSite","@id":"https:\/\/wic.edu.es\/#website","url":"https:\/\/wic.edu.es\/","name":"Willoughby College","description":"Colegio Privado Biling\u00fce en Madrid","publisher":{"@id":"https:\/\/wic.edu.es\/#organization"},"potentialAction":[{"@type":"SearchAction","target":{"@type":"EntryPoint","urlTemplate":"https:\/\/wic.edu.es\/?s={search_term_string}"},"query-input":{"@type":"PropertyValueSpecification","valueRequired":true,"valueName":"search_term_string"}}],"inLanguage":"en-US"},{"@type":"Organization","@id":"https:\/\/wic.edu.es\/#organization","name":"Colegio Biling\u00fce Madrid WIC","url":"https:\/\/wic.edu.es\/","logo":{"@type":"ImageObject","inLanguage":"en-US","@id":"https:\/\/wic.edu.es\/#\/schema\/logo\/image\/","url":"http:\/\/wic.edu.es\/wp-content\/uploads\/2018\/07\/Logos_Willoughby_v3_x2-03.png","contentUrl":"http:\/\/wic.edu.es\/wp-content\/uploads\/2018\/07\/Logos_Willoughby_v3_x2-03.png","width":410,"height":188,"caption":"Colegio Biling\u00fce Madrid WIC"},"image":{"@id":"https:\/\/wic.edu.es\/#\/schema\/logo\/image\/"}}]}},"_links":{"self":[{"href":"https:\/\/wic.edu.es\/en\/wp-json\/wp\/v2\/pages\/1713","targetHints":{"allow":["GET"]}}],"collection":[{"href":"https:\/\/wic.edu.es\/en\/wp-json\/wp\/v2\/pages"}],"about":[{"href":"https:\/\/wic.edu.es\/en\/wp-json\/wp\/v2\/types\/page"}],"author":[{"embeddable":true,"href":"https:\/\/wic.edu.es\/en\/wp-json\/wp\/v2\/users\/1"}],"replies":[{"embeddable":true,"href":"https:\/\/wic.edu.es\/en\/wp-json\/wp\/v2\/comments?post=1713"}],"version-history":[{"count":8,"href":"https:\/\/wic.edu.es\/en\/wp-json\/wp\/v2\/pages\/1713\/revisions"}],"predecessor-version":[{"id":2011,"href":"https:\/\/wic.edu.es\/en\/wp-json\/wp\/v2\/pages\/1713\/revisions\/2011"}],"wp:attachment":[{"href":"https:\/\/wic.edu.es\/en\/wp-json\/wp\/v2\/media?parent=1713"}],"curies":[{"name":"wp","href":"https:\/\/api.w.org\/{rel}","templated":true}]}}